{"id":254,"date":"2018-01-19T12:47:04","date_gmt":"2018-01-19T12:47:04","guid":{"rendered":"https:\/\/www.polandservice.com\/it\/?page_id=254"},"modified":"2020-04-27T08:32:17","modified_gmt":"2020-04-27T08:32:17","slug":"conosci-il-team","status":"publish","type":"page","link":"https:\/\/www.polandservice.com\/it\/chi-siamo\/conosci-il-team\/","title":{"rendered":"Conosci il Team"},"content":{"rendered":"<p>Facciamo parte di Wygoda Travel ed insieme creiamo un eccezionale dipartimento incoming. Ecco qualcosa in pi\u00f9 su di noi!<\/p>\n<p><strong>Karolina<\/strong><br \/>\n<img loading=\"lazy\" decoding=\"async\" class=\"size-full wp-image-2024 alignright\" src=\"https:\/\/www.polandservice.com\/wp-content\/uploads\/2017\/12\/karolina_czort-1.png\" alt=\"\" width=\"92\" height=\"112\" \/><br \/>\nDa sempre coinvolta nel settore del turismo, sono laureata in Relazioni internazionali e Turismo internazionale. Ho continuato gli studi conseguendo il Master in Business Management. Dopo la laurea, ho colto l&#8217;occasione per volare in Australia, dove per un anno ho vissuto a Melbourne, viaggiando spesso anche lungo la costa orientale. Negli anni ho visitato anche alcuni paesi in Asia. La mia citt\u00e0 preferita era Singapore. Inoltre, ho lavorato per 6 anni nel settore hostel ed alberghiero in Polonia, Australia ed Irlanda, dove ho anche vissuto per un po&#8217;. Parlo inglese, polacco e un po\u2019 di tedesco. Oltre a viaggiare la mia passione \u00e8 il trucco. Mi piacerebbe fare pi\u00f9 esperienza in questo campo, tuttavia, per ora mi diletto, durante il mio tempo libero, a truccare amici e familiari. Non mi manca il coraggio di provare cose nuove di cui ho paura. il bungee jumping \u2026.Ed ora \u00e8 tempo per un volo con il paracadute!<\/p>\n<p><b>Agnieszka<\/b><br \/>\n<img loading=\"lazy\" decoding=\"async\" class=\"size-full wp-image-2022 alignright\" src=\"https:\/\/www.polandservice.com\/wp-content\/uploads\/2017\/12\/agnieszka_wojtczak.png\" alt=\"\" width=\"92\" height=\"112\" \/><\/p>\n<p>Gi\u00e0 dall&#8217;et\u00e0 di soli 12 anni ero sicura che il mio futuro sarebbe stato nel turismo. Ho sempre amato viaggiare ed esplorare il mondo e questa passione ha avuto un impatto enorme sulla scelta del mio percorso professionale. All&#8217;et\u00e0 di 19 anni mi sono trasferita a Cracovia per studiare geografia e turismo all&#8217;Universit\u00e0 Jagellonica, dove ho svolto ricerche sul turismo cinematografico, sulla comunit\u00e0\u00a0polacca dei tifosi dell&#8217;FC Barcelona e sullo sviluppo della ferrovia ad alta velocit\u00e0 in Polonia. Dal 2015 sono coinvolta nel mercato del turismo inbound in Polonia. Prima di entrare a far parte del team Wygoda Travel, avevo lavorato allo sviluppo di tour e trasferimenti locali a Cracovia gestendo per diversi anni il team di vendita. L&#8217;Europa mediterranea, in particolare la Catalogna, \u00e8 uno dei miei luoghi preferiti e faccio del mio meglio per visitarla pi\u00f9 volte all&#8217;anno. Nel tempo libero, perfeziono le mie capacit\u00e0 giornalistiche e imparo le lingue &#8211; parlo inglese, spagnolo, catalano, tedesco e francese. Sono anche travel blogger e scrivo di Barcellona, della Catalogna e del turismo sostenibile.<\/p>\n<p><strong>Kinga<\/strong><br \/>\n<img loading=\"lazy\" decoding=\"async\" class=\"size-full wp-image-2030 alignright\" src=\"https:\/\/www.polandservice.com\/wp-content\/uploads\/2017\/12\/kinga_zawilinska.png\" alt=\"\" width=\"92\" height=\"112\" \/><br \/>\nViaggiare \u00e8 sempre stato una parte della mia vita. Sin da piccola (grazie ai miei genitori) ho avuto la possibilit\u00e0 di visitare molti luoghi della Polonia e di altri Paesi. Mi sono diplomata all&#8217;Accademia del turismo di Cracovia. Ho vissuto nel Regno Unito (Birmingham), dove le mie competenze in inglese sono notevolmente migliorate. \u00c8 sempre stato interessante per me incontrare persone affascinanti che provenienti da culture diverse. Il mio sogno pi\u00f9 grande \u00e8 partecipare ad un Safari per conoscere la fauna e la libert\u00e0 degli animali. In passato ho lavorato come specialista del turismo per un\u2019agenzia di viaggi locale a Cracovia. Mi sento soddisfatta ogni volta che aiuto i turisti a organizzare il loro tempo in Polonia. Essendo nata qui, mi sento di appartenere al luogo e quindi trovo davvero bello condividere la mia esperienza e mostrare loro anche i sentieri meno battuti. E la mia passione? Assolutamente adoro cantare. Durante il mio tempo libero registro alcune cover. Preferisco le canzoni commoventi perch\u00e9 mi permettono di esprimere i miei sentimenti interiori. La musica \u00e8 sempre stata una parte molto importante della mia vita.<\/p>\n<p><strong>Tomasz<\/strong><br \/>\n<img decoding=\"async\" class=\"alignright\" src=\"https:\/\/www.wygodatravel.pl\/uploads\/wysiwig\/images\/tomasz_pudelko.png\" \/><\/p>\n<p>Sin dall&#8217;inizio del Wygoda Travel Group, sono stato coinvolto nella creazione di questa societ\u00e0, che \u00e8 presente sul mercato polacco ormai da 19 anni. Sono membro del comitato esecutivo dell\u2019azienda. Sono sempre stato legato all&#8217;industria del turismo. Ho maturato le mie esperienze nel Regno Unito<\/p>\n<p>(Cheateau Impney) e in Irlanda (Sheen Falls), successivamente per alcuni anni ho lavorato come rappresentante in Grecia. Mi sono laureato all&#8217;Hotel Management College e all&#8217;Accademia del Turismo di Cracovia. Inoltre, sono un padre felice di due adorabili bambini e un grande fan del Whiskey irlandese.<\/p>\n","protected":false},"excerpt":{"rendered":"<p>Facciamo parte di Wygoda Travel ed insieme creiamo un eccezionale dipartimento incoming. Ecco qualcosa in pi\u00f9 su di noi! Karolina Da sempre coinvolta nel settore del turismo, sono laureata in Relazioni internazionali e Turismo internazionale. Ho continuato gli studi conseguendo il Master in Business Management. Dopo la laurea, ho colto l&#8217;occasione per volare in Australia, [&hellip;]<\/p>\n","protected":false},"author":1,"featured_media":0,"parent":15,"menu_order":0,"comment_status":"closed","ping_status":"closed","template":"","meta":{"footnotes":""},"class_list":["post-254","page","type-page","status-publish","hentry"],"_links":{"self":[{"href":"https:\/\/www.polandservice.com\/it\/wp-json\/wp\/v2\/pages\/254","targetHints":{"allow":["GET"]}}],"collection":[{"href":"https:\/\/www.polandservice.com\/it\/wp-json\/wp\/v2\/pages"}],"about":[{"href":"https:\/\/www.polandservice.com\/it\/wp-json\/wp\/v2\/types\/page"}],"author":[{"embeddable":true,"href":"https:\/\/www.polandservice.com\/it\/wp-json\/wp\/v2\/users\/1"}],"replies":[{"embeddable":true,"href":"https:\/\/www.polandservice.com\/it\/wp-json\/wp\/v2\/comments?post=254"}],"version-history":[{"count":6,"href":"https:\/\/www.polandservice.com\/it\/wp-json\/wp\/v2\/pages\/254\/revisions"}],"predecessor-version":[{"id":309,"href":"https:\/\/www.polandservice.com\/it\/wp-json\/wp\/v2\/pages\/254\/revisions\/309"}],"up":[{"embeddable":true,"href":"https:\/\/www.polandservice.com\/it\/wp-json\/wp\/v2\/pages\/15"}],"wp:attachment":[{"href":"https:\/\/www.polandservice.com\/it\/wp-json\/wp\/v2\/media?parent=254"}],"curies":[{"name":"wp","href":"https:\/\/api.w.org\/{rel}","templated":true}]}}