{"id":234,"date":"2018-01-10T12:08:45","date_gmt":"2018-01-10T12:08:45","guid":{"rendered":"https:\/\/www.polandservice.com\/it\/?page_id=234"},"modified":"2024-05-15T10:42:56","modified_gmt":"2024-05-15T10:42:56","slug":"informazioni-pratiche","status":"publish","type":"page","link":"https:\/\/www.polandservice.com\/it\/informazioni-pratiche\/","title":{"rendered":"Informazioni pratiche"},"content":{"rendered":"<p>Giorni festivi in Polonia \/ 2024<\/p>\n<p>1 gennaio: Capodanno (New Year\u2019s Day) &#8211; mercoled\u00ec (Wednesday)<br \/>\n6 gennaio: Epifania (Epiphany) &#8211; domenica (Sunday)<br \/>\n31 marzo: Pasqua (Easter) &#8211; domenica (Sunday)<br \/>\n1 aprile: Luned\u00ec dell&#8217;Angelo (Easter Monday) &#8211; luned\u00ec (Monday)<br \/>\n1 maggio: Festa del Lavoro (Labor Day) &#8211; mercoled\u00ec (Wednesday)<br \/>\n3 maggio: Festa della Costituzione (Constitution Day) &#8211; venerd\u00ec (Friday)<br \/>\n19 maggio: Pentecoste (Pentecost) &#8211; domenica (Sunday)<br \/>\n30 maggio: Corpus Domini (Corpus Christi) &#8211; gioved\u00ec (Thursday)<br \/>\n15 agosto: Festa dell&#8217;Assunzione (Armed Forces Day) &#8211; gioved\u00ec (Thursday)<br \/>\n1 novembre: Ognissanti (All Saints\u2019 Day) &#8211; venerd\u00ec (Friday)<br \/>\n11 novembre: Giorno dell&#8217;Indipendenza (Independence Day) &#8211; luned\u00ec (Monday)<br \/>\n25 dicembre: Natale (Christmas Day) &#8211; mercoled\u00ec (Wednesday)<br \/>\n26 dicembre: Santo Stefano (Boxing Day) &#8211; gioved\u00ec (Thursday)<\/p>\n","protected":false},"excerpt":{"rendered":"<p>Giorni festivi in Polonia \/ 2024 1 gennaio: Capodanno (New Year\u2019s Day) &#8211; mercoled\u00ec (Wednesday) 6 gennaio: Epifania (Epiphany) &#8211; domenica (Sunday) 31 marzo: Pasqua (Easter) &#8211; domenica (Sunday) 1 aprile: Luned\u00ec dell&#8217;Angelo (Easter Monday) &#8211; luned\u00ec (Monday) 1 maggio: Festa del Lavoro (Labor Day) &#8211; mercoled\u00ec (Wednesday) 3 maggio: Festa della Costituzione (Constitution Day) [&hellip;]<\/p>\n","protected":false},"author":1,"featured_media":0,"parent":0,"menu_order":0,"comment_status":"closed","ping_status":"closed","template":"","meta":{"footnotes":""},"class_list":["post-234","page","type-page","status-publish","hentry"],"_links":{"self":[{"href":"https:\/\/www.polandservice.com\/it\/wp-json\/wp\/v2\/pages\/234","targetHints":{"allow":["GET"]}}],"collection":[{"href":"https:\/\/www.polandservice.com\/it\/wp-json\/wp\/v2\/pages"}],"about":[{"href":"https:\/\/www.polandservice.com\/it\/wp-json\/wp\/v2\/types\/page"}],"author":[{"embeddable":true,"href":"https:\/\/www.polandservice.com\/it\/wp-json\/wp\/v2\/users\/1"}],"replies":[{"embeddable":true,"href":"https:\/\/www.polandservice.com\/it\/wp-json\/wp\/v2\/comments?post=234"}],"version-history":[{"count":4,"href":"https:\/\/www.polandservice.com\/it\/wp-json\/wp\/v2\/pages\/234\/revisions"}],"predecessor-version":[{"id":322,"href":"https:\/\/www.polandservice.com\/it\/wp-json\/wp\/v2\/pages\/234\/revisions\/322"}],"wp:attachment":[{"href":"https:\/\/www.polandservice.com\/it\/wp-json\/wp\/v2\/media?parent=234"}],"curies":[{"name":"wp","href":"https:\/\/api.w.org\/{rel}","templated":true}]}}