{"id":15,"date":"2017-04-04T09:32:19","date_gmt":"2017-04-04T09:32:19","guid":{"rendered":"https:\/\/www.polandservice.com\/it\/?page_id=15"},"modified":"2019-12-16T15:14:10","modified_gmt":"2019-12-16T15:14:10","slug":"chi-siamo","status":"publish","type":"page","link":"https:\/\/www.polandservice.com\/it\/chi-siamo\/","title":{"rendered":"Chi siamo"},"content":{"rendered":"<p style=\"text-align: justify;\">Wygoda Travel \u00e8 un tour operator in entrata e in uscita licenziato con sede a Cracovia, in Polonia. L&#8217;agenzia \u00e8 stata fondata nel 2001 ed \u00e8 in crescita costante fino ad oggi. Nel 2012 abbiamo ricevuto il premio Krakowski Dukat nella categoria di business per il nostro rapido sviluppo e l&#8217;innovazione nel turismo. Nel 2010 e nel 2014 ci hanno dato il premio Odys per la migliore qualit\u00e0 del servizio di viaggio offerto nella regione di Malopolska. Siamo inoltre un membro raccomandato della Camera del Turismo di Cracovia.<\/p>\n<p style=\"text-align: justify;\"><strong>Industria del turismo<\/strong><\/p>\n<p style=\"text-align: justify;\">Wygoda Travel \u00e8 coinvolta nei seguenti settori dell&#8217;industria di viaggio: turismo incoming (servizi di gruppo e FIT in Polonia e in Europa orientale), vacanze sulla neve (Alpi), le vacanze estive (il Mediterraneo),viaggi a lungo raggio e noleggio.<\/p>\n<p style=\"text-align: justify;\"><strong>La nostra filosofia<\/strong><\/p>\n<p style=\"text-align: justify;\">Grazie alla nostra lunga esperienza nel mercato dei viaggi e dei nostri partner affidabili possiamo offrire un servizio professionale che soddisfa le pi\u00f9 alte aspettative dei nostri clienti e sempre adatto alle loro esigenze e gli interessi individuali. Il nostro team \u00e8 composto dalle persone che veramente amano quello che fanno e sono esperti nei loro campi: siamo creativi, altamente qualificati e dedicati. La vostra soddisfazione \u00e8 il nostro obiettivo principale &#8211; facciamo piacevole il vostro viaggio, rilassante, informativo e sicuro mentre si assiste con un help desk personale disponibile 24h. Ci sforziamo di organizzare le escursioni pi\u00f9 belle, che vi fornir\u00e0 una vacanza unica.<\/p>\n<p>&nbsp;<\/p>\n<p>&nbsp;<\/p>\n<p>&nbsp;<\/p>\n<p>&nbsp;<\/p>\n","protected":false},"excerpt":{"rendered":"<p>Wygoda Travel \u00e8 un tour operator in entrata e in uscita licenziato con sede a Cracovia, in Polonia. L&#8217;agenzia \u00e8 stata fondata nel 2001 ed \u00e8 in crescita costante fino ad oggi. Nel 2012 abbiamo ricevuto il premio Krakowski Dukat nella categoria di business per il nostro rapido sviluppo e l&#8217;innovazione nel turismo. Nel 2010 [&hellip;]<\/p>\n","protected":false},"author":2,"featured_media":0,"parent":0,"menu_order":0,"comment_status":"open","ping_status":"open","template":"","meta":{"footnotes":""},"class_list":["post-15","page","type-page","status-publish","hentry"],"_links":{"self":[{"href":"https:\/\/www.polandservice.com\/it\/wp-json\/wp\/v2\/pages\/15","targetHints":{"allow":["GET"]}}],"collection":[{"href":"https:\/\/www.polandservice.com\/it\/wp-json\/wp\/v2\/pages"}],"about":[{"href":"https:\/\/www.polandservice.com\/it\/wp-json\/wp\/v2\/types\/page"}],"author":[{"embeddable":true,"href":"https:\/\/www.polandservice.com\/it\/wp-json\/wp\/v2\/users\/2"}],"replies":[{"embeddable":true,"href":"https:\/\/www.polandservice.com\/it\/wp-json\/wp\/v2\/comments?post=15"}],"version-history":[{"count":8,"href":"https:\/\/www.polandservice.com\/it\/wp-json\/wp\/v2\/pages\/15\/revisions"}],"predecessor-version":[{"id":288,"href":"https:\/\/www.polandservice.com\/it\/wp-json\/wp\/v2\/pages\/15\/revisions\/288"}],"wp:attachment":[{"href":"https:\/\/www.polandservice.com\/it\/wp-json\/wp\/v2\/media?parent=15"}],"curies":[{"name":"wp","href":"https:\/\/api.w.org\/{rel}","templated":true}]}}