{"id":462,"date":"2016-04-07T09:27:54","date_gmt":"2016-04-07T09:27:54","guid":{"rendered":"https:\/\/www.polandservice.com\/es\/?page_id=462"},"modified":"2020-04-20T21:44:25","modified_gmt":"2020-04-20T21:44:25","slug":"warszawa","status":"publish","type":"page","link":"https:\/\/www.polandservice.com\/es\/informaciones-utiles\/warszawa\/","title":{"rendered":"Warszawa"},"content":{"rendered":"<p style=\"text-align: justify;\"><strong><em>Casco Antiguo<\/em><\/strong><\/p>\n<p style=\"text-align: justify;\">El Casco Antiguo de Varsovia es la parte m\u00e1s Antigua de la capital. Es uno de los m\u00e1s populares y conocidos atractivos tur\u00edsticos en Varsovia. El coraz\u00f3n del \u00e1rea es la Plaza del Casco Antiguo, rica en restaurantes, caf\u00e9s y tiendas. calles de los alrededores cuentan con una arquitectura medieval, como las paredes de la ciudad, el Barbican y la catedral de San Juan. El Casco Antiguo de Varsovia se ha colocado en la lista de lugares del patrimonio mundial de la UNESCO como un ejemplo sobresaliente de una reconstrucci\u00f3n casi total de un per\u00edodo de la historia que cubre desde el siglo XIII hasta el siglo XX. Hay bastantes plazas, la m\u00e1s famosa es la Plaza del Castillo (plac Zamkowy). Esta plaza est\u00e1 dominada por la Columna de Zygmunt, que se eleva por encima de las hermosas casas antiguas. Encerrado entre el casco antiguo y el Castillo Real, la Plaza del castillo est\u00e1 llena de historia. Aqu\u00ed estuvo la puerta que conduce a la ciudad llamada la Puerta de Cracovia (Brama Krakowska). La Plaza Canon (plac Kanonia), detr\u00e1s de la Catedral de San Juan, es una peque\u00f1a plaza triangular. Su nombre proviene de las viviendas del siglo XVII que pertenec\u00edan a los c\u00e1nones del cap\u00edtulo Varsovia. En medio de la Plaza, est\u00e1 la Campana de Bronce de Varsovia fundada en 1646 para la iglesia de los jesuitas en Jaros\u0142aw.<\/p>\n<p style=\"text-align: justify;\"><strong><em>Palacio de la Cultura y la Ciencia<\/em><\/strong><\/p>\n<p style=\"text-align: justify;\">Este edificio es el m\u00e1s alto de Polonia y se sit\u00faa en 237 metros (tiene cuarenta y dos pisos). Fue construido entre 1952 y 1955 como un &#8222;regalo del pueblo sovi\u00e9tico a la naci\u00f3n polaca&#8221; de Joseph Stalin. El Palacio tiene Correos, cine, piscina, museos, bibliotecas y teatros. Es una de las mayores salas de conferencia en Varsovia, dando cabida c\u00f3modamente a m\u00e1s de 4.500 participantes a la vez, en decenas de reuniones y conferencias de capacitaci\u00f3n realizadas anualmente. La mayor atracci\u00f3n de turistas y locales es el \u201aTrzydziestka\u2019, una gran terraza en la planta 30 del Palacio, donde se puede admirar el magn\u00edfico panorama de Varsovia.<\/p>\n<p style=\"text-align: justify;\"><strong><em>Centro de Ciencias de Cop\u00e9rnico<\/em><\/strong><\/p>\n<p style=\"text-align: justify;\">El Centro de Ciencias de Cop\u00e9rnico no es el t\u00edpico museo, \u00a1se puede experimentar! En 22.000 m\u00b2 se pueden llevar a cabo experimentos, los cuales hacen complicados los fen\u00f3menos naturales comprensibles, y divertirse al mismo tiempo. Hay muchas exposiciones, las m\u00e1s famosas son: \u201eThe World on the Move\u201d (cada persona puede experimentar por uno mismo, c\u00f3mo el astronauta Neil Armstrong debi\u00f3 sentirse, cuando estubo de pie sobre la luna), \u201eRe:Generation\u201d (nosh ace conscientes, de qu\u00e9 tenemos miedo y por qu\u00e9), \u201eLightzone\u201d (es un sitio perfecto para las personas que aman los cr\u00edmenes de misterio), \u201eHumans and the Environment\u201d (el visitante se convierte en la m\u00e1s importante de las exposiciones). Una de las mayors atracciones es tambi\u00e9n el Planetarium \u201eThe Sky of Copernicus\u201d, donde las proyecciones en una pantalla de c\u00fapula que rodean el auditorio y una tecnolog\u00eda multimedia moderna da a los participantes la impresi\u00f3n de que ellos est\u00e1n viajando a los rincones m\u00e1s remotos del cosmos, en las profundidades de un oc\u00e9ano o en el interior de un volc\u00e1n. Una actuaci\u00f3n especial tambi\u00e9n nos permite volver a los principios de la vida en la Tierra. Desde la azotea del Centro de Ciencias de Cop\u00e9rnico uno tiene las vistas del V\u00edstula y el Banco Praga, el puente \u015awi\u0119tokrzyski, el estadio nacional y el jard\u00edn vecino de la azotea de la biblioteca universitaria.<\/p>\n<p style=\"text-align: justify;\"><strong><em>Estadio Nacional<\/em><\/strong><\/p>\n<p style=\"text-align: justify;\">El Estadio Nacional en Varsovia fue construido para el Campeonato de Europa de F\u00fatbol UEFA EURO 2012\u2122. Est\u00e1 situado cerca del Casco Antiguo y el centro de la ciudad. Es bien visible desde muchos lugares en Varsovia, siendo especialmente atractivo desde el lado de la plaza Zamkowy. La elevaci\u00f3n de blanco y rojo del estadio se refiere a los colores nacionales de Polonia. Una de las ventajas del estadio es su techo retr\u00e1ctil. Se abre en 15 minutos aproximadamente, lo que en s\u00ed mismo es un gran espect\u00e1culo. El estadio fue construido no s\u00f3lo con los eventos deportivos en mente, sino tambi\u00e9n como un lugar para grandes espect\u00e1culos art\u00edsticos y diversos eventos masivos.<\/p>\n<p style=\"text-align: justify;\"><strong><em>\u0141azienki Kr\u00f3lewskie Park-Complejo de Palacio<\/em><\/strong><\/p>\n<p style=\"text-align: justify;\">El Museo \u0141azienki Kr\u00f3lewskie es un complejo de Palacio-Jard\u00edn el cual incluye un parque y numerosos objetos hist\u00f3ricos incluyendo My\u015blewicki Palace, la Casa Blanca, el antiguo invernadero, y el anfiteatro Podchor\u0105\u017c\u00f3wka. En el siglo XVIII se convirti\u00f3 en la m\u00e1s bella zona planificada en Varsovia y una de las m\u00e1s bonitas en Europa, igualmente impresionante en t\u00e9rminos de su vegetaci\u00f3n y la arquitectura. \u0141azienki realiza una variedad de funciones: es un museo, un lugar para eventos culturales, cient\u00edficos y de entretenimiento, y el lugar favorito para dar paseos. Tambi\u00e9n es un lugar importante para los amantes de la m\u00fasica.<\/p>\n<p style=\"text-align: justify;\">&#8222;Palacio en la isla&#8222; es el edificio m\u00e1s importante en el jard\u00edn. Su historia est\u00e1 estrechamente relacionada con el reinado de Estanislao II Poniatowski, \u00faltimo rey polaco. \u00c9l decidi\u00f3 hacer m\u00e1s grande un peque\u00f1o pabell\u00f3n de los ba\u00f1os de Lubomirski para que sirviese como una de sus residencias. El Palacio, aunque algo da\u00f1ado, sobrevivi\u00f3 a la Segunda Guerra Mundial y fue reabierto al p\u00fablico en 1960. En cada rinc\u00f3n y esquina del Parque Real de \u0141azienki se puede encontrar una variedad de estatuas y monumentos inusuales, siendo las m\u00e1s importantes: Jan III Sobieski, el Monumento de Chopin y el Monumento de Henryk Sienkiewicz.<\/p>\n<p style=\"text-align: justify;\"><strong><em>Museo del Levantamiento de Varsovia<\/em><\/strong><\/p>\n<p style=\"text-align: justify;\">Este museo es uno de los lugares m\u00e1s famosos de Varsovia. Abierto en el 60 aniversario del estallido de los combates en la ciudad, se trata de un homenaje a los que lucharon y murieron por una Polonia libre y su capital. La exposici\u00f3n muestra la lucha de la vida cotidiana antes y durante el levantamiento de Varsovia y el horror de la ocupaci\u00f3n \u2013 lo cual fue una compleja situaci\u00f3n internacional \u2013 al terror comunista de la posguerra y el destino de los insurgentes en la PRL. Las im\u00e1genes y los sonidos de los presentes d\u00edas antes del estallido del levantamiento, sus fases posteriores, as\u00ed como la salida de los insurgentes y su posterior destino.<\/p>\n<p style=\"text-align: justify;\"><strong><em>POLIN Museo de la Historia de Jud\u00edos Polacos<\/em><\/strong><\/p>\n<p style=\"text-align: justify;\">El Museo est\u00e1 situado en Muran\u00f3w. Antes de la Segunda Guerra Mundial, este fue el punto central de un barrio habitado en su mayor\u00eda por la poblaci\u00f3n jud\u00eda, mientras que durante la guerra y despu\u00e9s de la creaci\u00f3n del gueto, el edificio sirvi\u00f3 como sede de Judenrat, un consejo gueto seleccionado por las autoridades alemanas. La misi\u00f3n de este museo es construir nuevas capas de los puntos en com\u00fan entre las dos naciones. Una exposici\u00f3n permanente fue abierta al p\u00fablico en 2014. La instalaci\u00f3n tambi\u00e9n tiene diversos tipos de reuniones, conciertos, obras de teatro y otros eventos.<\/p>\n<p style=\"text-align: justify;\"><strong><em>Wilan\u00f3w Park-Complejo de Palacio<\/em><\/strong><\/p>\n<p style=\"text-align: justify;\">El Palacio Wilan\u00f3w es uno de los m\u00e1s preciosos monumentos del Barroco-Polaco. Construido para el Rey Jan III Sobieski a finales del siglo XVII y gradualmente expandido por los sucesivos due\u00f1os, representa una combinaci\u00f3n inusual de un tribunal polaco tradicional con una villa italiana rural y un castillo franc\u00e9s. El jard\u00edn de dos niveles es el \u00b4\u00b4marco\u00b4\u00b4 de Wilan\u00f3w, y de alguna manera se las arregla para combinar un elegante jard\u00edn barroco, un rom\u00e1ntico parque ingl\u00e9s-chino, un parque de paisaje ingl\u00e9s y un jard\u00edn neo-renacentista en un conjunto elegante y armoniosa. La parte oriental de los jardines est\u00e1 rodeada por un lago, el extremo sur el cual tiene una fuente de agua en cascada muy caracter\u00edstica, y el conjunto del jard\u00edn est\u00e1 decorado con esculturas, fuentes y muestras en miniatura de la arquitectura.<\/p>\n<p>&nbsp;<\/p>\n\n\t\t<style type=\"text\/css\">\n\t\t\t#gallery-1 {\n\t\t\t\tmargin: auto;\n\t\t\t}\n\t\t\t#gallery-1 .gallery-item {\n\t\t\t\tfloat: left;\n\t\t\t\tmargin-top: 10px;\n\t\t\t\ttext-align: center;\n\t\t\t\twidth: 25%;\n\t\t\t}\n\t\t\t#gallery-1 img {\n\t\t\t\tborder: 2px solid #cfcfcf;\n\t\t\t}\n\t\t\t#gallery-1 .gallery-caption {\n\t\t\t\tmargin-left: 0;\n\t\t\t}\n\t\t\t\/* see gallery_shortcode() in wp-includes\/media.php *\/\n\t\t<\/style>\n\t\t<div id='gallery-1' class='gallery galleryid-462 gallery-columns-4 gallery-size-thumbnail'><dl class='gallery-item'>\n\t\t\t<dt class='gallery-icon landscape'>\n\t\t\t\t<a href='https:\/\/www.polandservice.com\/es\/files\/2016\/04\/Warszawa__\u0141azienki_Royal-Baths-Park-2.jpg'><img loading=\"lazy\" decoding=\"async\" width=\"150\" height=\"150\" src=\"https:\/\/www.polandservice.com\/es\/files\/2016\/04\/Warszawa__\u0141azienki_Royal-Baths-Park-2-150x150.jpg\" class=\"attachment-thumbnail size-thumbnail\" alt=\"\" \/><\/a>\n\t\t\t<\/dt><\/dl><dl class='gallery-item'>\n\t\t\t<dt class='gallery-icon portrait'>\n\t\t\t\t<a href='https:\/\/www.polandservice.com\/es\/files\/2016\/04\/Warszawa_The-blue-skyscraper.jpg'><img loading=\"lazy\" decoding=\"async\" width=\"150\" height=\"150\" src=\"https:\/\/www.polandservice.com\/es\/files\/2016\/04\/Warszawa_The-blue-skyscraper-150x150.jpg\" class=\"attachment-thumbnail size-thumbnail\" alt=\"\" \/><\/a>\n\t\t\t<\/dt><\/dl><dl class='gallery-item'>\n\t\t\t<dt class='gallery-icon portrait'>\n\t\t\t\t<a href='https:\/\/www.polandservice.com\/es\/files\/2016\/04\/Warszawa_Ghetto-Heroes-Monument.jpg'><img loading=\"lazy\" decoding=\"async\" width=\"150\" height=\"150\" src=\"https:\/\/www.polandservice.com\/es\/files\/2016\/04\/Warszawa_Ghetto-Heroes-Monument-150x150.jpg\" class=\"attachment-thumbnail size-thumbnail\" alt=\"\" \/><\/a>\n\t\t\t<\/dt><\/dl><dl class='gallery-item'>\n\t\t\t<dt class='gallery-icon landscape'>\n\t\t\t\t<a href='https:\/\/www.polandservice.com\/es\/files\/2016\/04\/Warszawa_Z\u0142ote-Tarasy.jpg'><img loading=\"lazy\" decoding=\"async\" width=\"150\" height=\"150\" src=\"https:\/\/www.polandservice.com\/es\/files\/2016\/04\/Warszawa_Z\u0142ote-Tarasy-150x150.jpg\" class=\"attachment-thumbnail size-thumbnail\" alt=\"\" \/><\/a>\n\t\t\t<\/dt><\/dl><br style=\"clear: both\" \/><dl class='gallery-item'>\n\t\t\t<dt class='gallery-icon landscape'>\n\t\t\t\t<a href='https:\/\/www.polandservice.com\/es\/files\/2016\/04\/Warszawa__Chopin.jpg'><img loading=\"lazy\" decoding=\"async\" width=\"150\" height=\"150\" src=\"https:\/\/www.polandservice.com\/es\/files\/2016\/04\/Warszawa__Chopin-150x150.jpg\" class=\"attachment-thumbnail size-thumbnail\" alt=\"\" \/><\/a>\n\t\t\t<\/dt><\/dl><dl class='gallery-item'>\n\t\t\t<dt class='gallery-icon portrait'>\n\t\t\t\t<a href='https:\/\/www.polandservice.com\/es\/files\/2016\/04\/Warszawa-2.jpg'><img loading=\"lazy\" decoding=\"async\" width=\"150\" height=\"150\" src=\"https:\/\/www.polandservice.com\/es\/files\/2016\/04\/Warszawa-2-150x150.jpg\" class=\"attachment-thumbnail size-thumbnail\" alt=\"\" \/><\/a>\n\t\t\t<\/dt><\/dl><dl class='gallery-item'>\n\t\t\t<dt class='gallery-icon landscape'>\n\t\t\t\t<a href='https:\/\/www.polandservice.com\/es\/files\/2016\/04\/Warszawa-Stadion-Narodowy.jpg'><img loading=\"lazy\" decoding=\"async\" width=\"150\" height=\"150\" src=\"https:\/\/www.polandservice.com\/es\/files\/2016\/04\/Warszawa-Stadion-Narodowy-150x150.jpg\" class=\"attachment-thumbnail size-thumbnail\" alt=\"\" \/><\/a>\n\t\t\t<\/dt><\/dl><dl class='gallery-item'>\n\t\t\t<dt class='gallery-icon landscape'>\n\t\t\t\t<a href='https:\/\/www.polandservice.com\/es\/files\/2014\/10\/Warszawa-Stadion-Narodowy_National-Stadium-in-Warsaw.jpg'><img loading=\"lazy\" decoding=\"async\" width=\"150\" height=\"150\" src=\"https:\/\/www.polandservice.com\/es\/files\/2014\/10\/Warszawa-Stadion-Narodowy_National-Stadium-in-Warsaw-150x150.jpg\" class=\"attachment-thumbnail size-thumbnail\" alt=\"\" \/><\/a>\n\t\t\t<\/dt><\/dl><br style=\"clear: both\" \/>\n\t\t<\/div>\n\n","protected":false},"excerpt":{"rendered":"<p>Casco Antiguo El Casco Antiguo de Varsovia es la parte m\u00e1s Antigua de la capital. Es uno de los m\u00e1s populares y conocidos atractivos tur\u00edsticos en Varsovia. El coraz\u00f3n del \u00e1rea es la Plaza del Casco Antiguo, rica en restaurantes, caf\u00e9s y tiendas. calles de los alrededores cuentan con una arquitectura medieval, como las paredes [&hellip;]<\/p>\n","protected":false},"author":1,"featured_media":0,"parent":741,"menu_order":0,"comment_status":"open","ping_status":"open","template":"","meta":{"footnotes":""},"class_list":["post-462","page","type-page","status-publish","hentry"],"_links":{"self":[{"href":"https:\/\/www.polandservice.com\/es\/wp-json\/wp\/v2\/pages\/462","targetHints":{"allow":["GET"]}}],"collection":[{"href":"https:\/\/www.polandservice.com\/es\/wp-json\/wp\/v2\/pages"}],"about":[{"href":"https:\/\/www.polandservice.com\/es\/wp-json\/wp\/v2\/types\/page"}],"author":[{"embeddable":true,"href":"https:\/\/www.polandservice.com\/es\/wp-json\/wp\/v2\/users\/1"}],"replies":[{"embeddable":true,"href":"https:\/\/www.polandservice.com\/es\/wp-json\/wp\/v2\/comments?post=462"}],"version-history":[{"count":26,"href":"https:\/\/www.polandservice.com\/es\/wp-json\/wp\/v2\/pages\/462\/revisions"}],"predecessor-version":[{"id":827,"href":"https:\/\/www.polandservice.com\/es\/wp-json\/wp\/v2\/pages\/462\/revisions\/827"}],"up":[{"embeddable":true,"href":"https:\/\/www.polandservice.com\/es\/wp-json\/wp\/v2\/pages\/741"}],"wp:attachment":[{"href":"https:\/\/www.polandservice.com\/es\/wp-json\/wp\/v2\/media?parent=462"}],"curies":[{"name":"wp","href":"https:\/\/api.w.org\/{rel}","templated":true}]}}