{"id":460,"date":"2016-04-07T09:27:38","date_gmt":"2016-04-07T09:27:38","guid":{"rendered":"https:\/\/www.polandservice.com\/es\/?page_id=460"},"modified":"2020-04-20T21:43:37","modified_gmt":"2020-04-20T21:43:37","slug":"wroclaw","status":"publish","type":"page","link":"https:\/\/www.polandservice.com\/es\/informaciones-utiles\/wroclaw\/","title":{"rendered":"Wroclaw"},"content":{"rendered":"<p style=\"text-align: justify;\"><strong><em>La Plaza del Mercado<\/em><\/strong><\/p>\n<p style=\"text-align: justify;\">Es una Plaza del Mercado medieval que se ubica en el centro de Wroc\u0142aw. Es una de las m\u00e1s grandes de Europa (213 m por 178 m), con los dos mayores ayuntamientos en Polonia. Los edificios que rodean la plaza est\u00e1n construidos con diferentes estilos: la parte media del anillo est\u00e1 ocupado por un bloque de edificios que consisten en el antiguo ayuntamiento, el nuevo ayuntamiento, as\u00ed como las casas de los numerosos ciudadanos. La plaza del mercado es un conjunto urbano con dos \u00e1reas contiguas en diagonal \u2013 el mercado de la sal y de la plaza frente a la iglesia de Santa Isabel. Once calles conducen al mercado: dos en cada esquina, dos carriles estrechos y uno abierto fuera de la plaza y el Chicken Market (Kurzy Targ).<\/p>\n<p style=\"text-align: justify;\"><strong><em>Ostr\u00f3w Tumski<\/em><\/strong><\/p>\n<p style=\"text-align: justify;\">Es la parte m\u00e1s antigua de la ciudad de Wroc\u0142aw. Antiguamente, era una isla entre las ramas del r\u00edo Oder. Las excavaciones arqueol\u00f3gicas han demostrado que la parte occidental de Ostr\u00f3w Tumski, entre la Iglesia de San Mart\u00edn y la Santa Cruz, fue la primera en ser habitada. Grandes monumentos arquitect\u00f3nicos se encuentran all\u00ed. Los m\u00e1s magn\u00edficos entre ellos son: la Catedral G\u00f3tica de San Juan Bautista y la Iglesia de la Santa Cruz. Tambi\u00e9n est\u00e1 el Museo Arquidiocesano, que es el museo m\u00e1s antiguo de Wroclaw, que preserva la continuidad hist\u00f3rica \u2013 durante m\u00e1s de 100 a\u00f1os, se han acumulado monumentos sagrados los cuales tienen un gran valor hist\u00f3rico y art\u00edstico. Entre ellos podemos encontrar el libro Henrykowska de entre los siglos XIII y XIV con la primera frase que fue escrita en polaco.<\/p>\n<p style=\"text-align: justify;\"><strong><em>Centennial Hall<\/em><\/strong><\/p>\n<p style=\"text-align: justify;\">Centennial Hall fue dise\u00f1ado por Max Berg, un destacado arquitecto de la ciudad, y reconocido como una de las principales obras maestras de la arquitectura del siglo XX. Espacio polivalente, estructura inusual, \u00fanico y amplio lugar representan s\u00f3lo algunos de sus puntos fuertes. El complejo Centennial Hall actualmente es uno de los lugares m\u00e1s deseados entre los organizadores nacionales y extranjeros de las grandes exposiciones, conferencias, actividades culturales, deportivas y eventos del congreso. La inscripci\u00f3n en el Sal\u00f3n de la Lista de Patrimonio de la Humanidad en 2006 hizo hincapi\u00e9 en el rango de esta instalaci\u00f3n. Sin lugar a dudas es uno de los buques insignia m\u00e1s caracter\u00edsticos de Wroclaw en la escala internacional, y el sitio excepcionalmente m\u00e1gico en la ciudad donde los gr\u00e1ficos de la historia graban su experiencia multi-generacional.<\/p>\n<p style=\"text-align: justify;\"><strong><em>Universidad de Wroclaw<\/em><\/strong><\/p>\n<p style=\"text-align: justify;\">La Universidad de Wroc\u0142aw tiene una rica historia de m\u00e1s de tres siglos. Fundada por Leopold I Habsburg, la universidad evolucion\u00f3 de una modesta escuela de misioneros jesuitas a una de las m\u00e1s grandes instituciones acad\u00e9micas de Polonia. A principios del siglo XIX la Universidad tuvo cinco facultades: filosof\u00eda, teolog\u00eda cat\u00f3lica, teolog\u00eda evang\u00e9lica, derecho y medicina. M\u00e1s tarde se ampli\u00f3 por numerosas secciones, laboratorios y un museo natural, que existe hasta hoy. In 1945 despu\u00e9s de la Segunda Guerra Mundial, al rededor del 70% de los edificios de la Universidad fueron destrozados, pero en poco tiempo fueron reconstruidos. Hoy la Universidad de Wroc\u0142aw es la Universidad m\u00e1s grande en la regi\u00f3n.<\/p>\n<p style=\"text-align: justify;\"><strong><em>Enanos de Wroclaw<\/em><\/strong><\/p>\n<p style=\"text-align: justify;\">Los enanos de Wroclaw son unas peque\u00f1as figuras que aparecieron por primera vez en las calles de la ciudad en 2001. Desde ah\u00ed, han ido en continuo crecimiento, y hoy son considerados atractivo tur\u00edstico: aquellos que quieran combinar turismo en Wroclaw con el seguimiento de los enanos, tendr\u00e1n a su disposici\u00f3n folletos especiales con el mapa y el software de aplicaciones m\u00f3viles en el tel\u00e9fono inteligente. Actualmente hay m\u00e1s de 300 enanos repartidos por toda la ciudad.<\/p>\n<p style=\"text-align: justify;\"><strong><em>Panorama de la batalla de Rac\u0142awice<\/em><\/strong><\/p>\n<p style=\"text-align: justify;\">Es un impresionante vestigio de la cultura de masas del siglo XIX, es uno de los pocos ejemplos de este g\u00e9nero que se conservan en Europa. La gran pintura (15x114m), \u00b4\u00b4las transferencias\u00b4\u00b4 al espectador en un tiempo totalmente diferente, la realidad desde uno mismo, combinando ingeniosamente dispositivos pict\u00f3ricos (un tipo especial de perspectiva) y efectos t\u00e9cnicos (iluminaci\u00f3n, el terreno artificial, oscuros y de paso tortuoso por lo general a la plataforma de observaci\u00f3n). El Panorama de la Batalla de Rac\u0142awice es el ejemplo m\u00e1s antiguo y \u00fanico que se conserva de la pintura del panorama en Polonia.<\/p>\n<p style=\"text-align: justify;\"><strong><em>ZOO \u2013 Jard\u00edn Zool\u00f3gico de Wroclaw<\/em><\/strong><\/p>\n<p style=\"text-align: justify;\">El Zoo de Wroc\u0142aw es el zoo m\u00e1s antiguo en Polonia, abri\u00f3 sus puertas en 1865 como el jard\u00edn zool\u00f3gico de Breslau, mientras que la ciudad fue parte de Prusia. Es tambi\u00e9n el zoo m,\u00e1s grande (en t\u00e9rmino num\u00e9rico de animales) de Polonia. El zoo cubre 33 hectareas en el centro de Wroclaw. Este Zoo es uno de los m\u00e1s visitados en Polonia. Consta de: Afrykarium-Oceanario, Pabell\u00f3n de Madagascar, terrario, circuito de cuerdas Zoolandia, Zool\u00f3gico para ni\u00f1os, Rancho y puntos de venta de comida y bebida.<\/p>\n<p>&nbsp;<\/p>\n\n\t\t<style type=\"text\/css\">\n\t\t\t#gallery-1 {\n\t\t\t\tmargin: auto;\n\t\t\t}\n\t\t\t#gallery-1 .gallery-item {\n\t\t\t\tfloat: left;\n\t\t\t\tmargin-top: 10px;\n\t\t\t\ttext-align: center;\n\t\t\t\twidth: 25%;\n\t\t\t}\n\t\t\t#gallery-1 img {\n\t\t\t\tborder: 2px solid #cfcfcf;\n\t\t\t}\n\t\t\t#gallery-1 .gallery-caption {\n\t\t\t\tmargin-left: 0;\n\t\t\t}\n\t\t\t\/* see gallery_shortcode() in wp-includes\/media.php *\/\n\t\t<\/style>\n\t\t<div id='gallery-1' class='gallery galleryid-460 gallery-columns-4 gallery-size-thumbnail'><dl class='gallery-item'>\n\t\t\t<dt class='gallery-icon portrait'>\n\t\t\t\t<a href='https:\/\/www.polandservice.com\/es\/files\/2016\/04\/Wroclaw-30.jpg'><img loading=\"lazy\" decoding=\"async\" width=\"150\" height=\"150\" src=\"https:\/\/www.polandservice.com\/es\/files\/2016\/04\/Wroclaw-30-150x150.jpg\" class=\"attachment-thumbnail size-thumbnail\" alt=\"\" \/><\/a>\n\t\t\t<\/dt><\/dl><dl class='gallery-item'>\n\t\t\t<dt class='gallery-icon portrait'>\n\t\t\t\t<a href='https:\/\/www.polandservice.com\/es\/files\/2016\/04\/Wroclaw-33.jpg'><img loading=\"lazy\" decoding=\"async\" width=\"150\" height=\"150\" src=\"https:\/\/www.polandservice.com\/es\/files\/2016\/04\/Wroclaw-33-150x150.jpg\" class=\"attachment-thumbnail size-thumbnail\" alt=\"\" \/><\/a>\n\t\t\t<\/dt><\/dl><dl class='gallery-item'>\n\t\t\t<dt class='gallery-icon portrait'>\n\t\t\t\t<a href='https:\/\/www.polandservice.com\/es\/files\/2016\/04\/Wroclaw_dwarf-1.jpg'><img loading=\"lazy\" decoding=\"async\" width=\"150\" height=\"150\" src=\"https:\/\/www.polandservice.com\/es\/files\/2016\/04\/Wroclaw_dwarf-1-150x150.jpg\" class=\"attachment-thumbnail size-thumbnail\" alt=\"\" \/><\/a>\n\t\t\t<\/dt><\/dl><dl class='gallery-item'>\n\t\t\t<dt class='gallery-icon portrait'>\n\t\t\t\t<a href='https:\/\/www.polandservice.com\/es\/files\/2016\/04\/Wroclaw-38.jpg'><img loading=\"lazy\" decoding=\"async\" width=\"150\" height=\"150\" src=\"https:\/\/www.polandservice.com\/es\/files\/2016\/04\/Wroclaw-38-150x150.jpg\" class=\"attachment-thumbnail size-thumbnail\" alt=\"\" \/><\/a>\n\t\t\t<\/dt><\/dl><br style=\"clear: both\" \/><dl class='gallery-item'>\n\t\t\t<dt class='gallery-icon portrait'>\n\t\t\t\t<a href='https:\/\/www.polandservice.com\/es\/files\/2016\/04\/Wroclaw-35.jpg'><img loading=\"lazy\" decoding=\"async\" width=\"150\" height=\"150\" src=\"https:\/\/www.polandservice.com\/es\/files\/2016\/04\/Wroclaw-35-150x150.jpg\" class=\"attachment-thumbnail size-thumbnail\" alt=\"\" \/><\/a>\n\t\t\t<\/dt><\/dl><dl class='gallery-item'>\n\t\t\t<dt class='gallery-icon portrait'>\n\t\t\t\t<a href='https:\/\/www.polandservice.com\/es\/files\/2016\/04\/Wroclaw_dwarf-9.jpg'><img loading=\"lazy\" decoding=\"async\" width=\"150\" height=\"150\" src=\"https:\/\/www.polandservice.com\/es\/files\/2016\/04\/Wroclaw_dwarf-9-150x150.jpg\" class=\"attachment-thumbnail size-thumbnail\" alt=\"\" \/><\/a>\n\t\t\t<\/dt><\/dl><dl class='gallery-item'>\n\t\t\t<dt class='gallery-icon portrait'>\n\t\t\t\t<a href='https:\/\/www.polandservice.com\/es\/files\/2016\/04\/Wroclaw-1.jpg'><img loading=\"lazy\" decoding=\"async\" width=\"150\" height=\"150\" src=\"https:\/\/www.polandservice.com\/es\/files\/2016\/04\/Wroclaw-1-150x150.jpg\" class=\"attachment-thumbnail size-thumbnail\" alt=\"\" \/><\/a>\n\t\t\t<\/dt><\/dl><dl class='gallery-item'>\n\t\t\t<dt class='gallery-icon portrait'>\n\t\t\t\t<a href='https:\/\/www.polandservice.com\/es\/files\/2016\/04\/Wroclaw-27.jpg'><img loading=\"lazy\" decoding=\"async\" width=\"150\" height=\"150\" src=\"https:\/\/www.polandservice.com\/es\/files\/2016\/04\/Wroclaw-27-150x150.jpg\" class=\"attachment-thumbnail size-thumbnail\" alt=\"\" \/><\/a>\n\t\t\t<\/dt><\/dl><br style=\"clear: both\" \/>\n\t\t<\/div>\n\n<p>&nbsp;<\/p>\n","protected":false},"excerpt":{"rendered":"<p>La Plaza del Mercado Es una Plaza del Mercado medieval que se ubica en el centro de Wroc\u0142aw. Es una de las m\u00e1s grandes de Europa (213 m por 178 m), con los dos mayores ayuntamientos en Polonia. Los edificios que rodean la plaza est\u00e1n construidos con diferentes estilos: la parte media del anillo est\u00e1 [&hellip;]<\/p>\n","protected":false},"author":1,"featured_media":0,"parent":741,"menu_order":0,"comment_status":"open","ping_status":"open","template":"","meta":{"footnotes":""},"class_list":["post-460","page","type-page","status-publish","hentry"],"_links":{"self":[{"href":"https:\/\/www.polandservice.com\/es\/wp-json\/wp\/v2\/pages\/460","targetHints":{"allow":["GET"]}}],"collection":[{"href":"https:\/\/www.polandservice.com\/es\/wp-json\/wp\/v2\/pages"}],"about":[{"href":"https:\/\/www.polandservice.com\/es\/wp-json\/wp\/v2\/types\/page"}],"author":[{"embeddable":true,"href":"https:\/\/www.polandservice.com\/es\/wp-json\/wp\/v2\/users\/1"}],"replies":[{"embeddable":true,"href":"https:\/\/www.polandservice.com\/es\/wp-json\/wp\/v2\/comments?post=460"}],"version-history":[{"count":9,"href":"https:\/\/www.polandservice.com\/es\/wp-json\/wp\/v2\/pages\/460\/revisions"}],"predecessor-version":[{"id":826,"href":"https:\/\/www.polandservice.com\/es\/wp-json\/wp\/v2\/pages\/460\/revisions\/826"}],"up":[{"embeddable":true,"href":"https:\/\/www.polandservice.com\/es\/wp-json\/wp\/v2\/pages\/741"}],"wp:attachment":[{"href":"https:\/\/www.polandservice.com\/es\/wp-json\/wp\/v2\/media?parent=460"}],"curies":[{"name":"wp","href":"https:\/\/api.w.org\/{rel}","templated":true}]}}