{"id":445,"date":"2016-04-07T09:21:14","date_gmt":"2016-04-07T09:21:14","guid":{"rendered":"https:\/\/www.polandservice.com\/es\/?page_id=445"},"modified":"2024-05-15T10:48:29","modified_gmt":"2024-05-15T10:48:29","slug":"dias-festivos-en-polonia","status":"publish","type":"page","link":"https:\/\/www.polandservice.com\/es\/dias-festivos-en-polonia\/","title":{"rendered":"Dias festivos en Polonia \/ 2024"},"content":{"rendered":"<p>1 de enero: A\u00f1o Nuevo (New Year&#8217;s Day) &#8211; mi\u00e9rcoles<br \/>\n6 de enero: Epifan\u00eda (Epiphany) &#8211; domingo<br \/>\n31 de marzo: Pascua (Easter) &#8211; domingo<br \/>\n1 de abril: Lunes de Pascua (Easter Monday) &#8211; lunes<br \/>\n1 de mayo: D\u00eda del Trabajo (Labor Day) &#8211; mi\u00e9rcoles<br \/>\n3 de mayo: D\u00eda de la Constituci\u00f3n (Constitution Day) &#8211; viernes<br \/>\n19 de mayo: Pentecost\u00e9s (Pentecost) &#8211; domingo<br \/>\n30 de mayo: Corpus Christi &#8211; jueves<br \/>\n15 de agosto: D\u00eda de las Fuerzas Armadas (Armed Forces Day) &#8211; jueves<br \/>\n1 de noviembre: Todos los Santos (All Saints\u2019 Day) &#8211; viernes<br \/>\n11 de noviembre: D\u00eda de la Independencia (Independence Day) &#8211; lunes<br \/>\n25 de diciembre: Navidad (Christmas Day) &#8211; mi\u00e9rcoles<br \/>\n26 de diciembre: San Esteban (Boxing Day) &#8211; jueves<\/p>\n","protected":false},"excerpt":{"rendered":"<p>1 de enero: A\u00f1o Nuevo (New Year&#8217;s Day) &#8211; mi\u00e9rcoles 6 de enero: Epifan\u00eda (Epiphany) &#8211; domingo 31 de marzo: Pascua (Easter) &#8211; domingo 1 de abril: Lunes de Pascua (Easter Monday) &#8211; lunes 1 de mayo: D\u00eda del Trabajo (Labor Day) &#8211; mi\u00e9rcoles 3 de mayo: D\u00eda de la Constituci\u00f3n (Constitution Day) &#8211; viernes [&hellip;]<\/p>\n","protected":false},"author":1,"featured_media":0,"parent":0,"menu_order":0,"comment_status":"open","ping_status":"open","template":"","meta":{"footnotes":""},"class_list":["post-445","page","type-page","status-publish","hentry"],"_links":{"self":[{"href":"https:\/\/www.polandservice.com\/es\/wp-json\/wp\/v2\/pages\/445","targetHints":{"allow":["GET"]}}],"collection":[{"href":"https:\/\/www.polandservice.com\/es\/wp-json\/wp\/v2\/pages"}],"about":[{"href":"https:\/\/www.polandservice.com\/es\/wp-json\/wp\/v2\/types\/page"}],"author":[{"embeddable":true,"href":"https:\/\/www.polandservice.com\/es\/wp-json\/wp\/v2\/users\/1"}],"replies":[{"embeddable":true,"href":"https:\/\/www.polandservice.com\/es\/wp-json\/wp\/v2\/comments?post=445"}],"version-history":[{"count":12,"href":"https:\/\/www.polandservice.com\/es\/wp-json\/wp\/v2\/pages\/445\/revisions"}],"predecessor-version":[{"id":923,"href":"https:\/\/www.polandservice.com\/es\/wp-json\/wp\/v2\/pages\/445\/revisions\/923"}],"wp:attachment":[{"href":"https:\/\/www.polandservice.com\/es\/wp-json\/wp\/v2\/media?parent=445"}],"curies":[{"name":"wp","href":"https:\/\/api.w.org\/{rel}","templated":true}]}}