{"id":42,"date":"2014-10-19T20:00:22","date_gmt":"2014-10-19T20:00:22","guid":{"rendered":"https:\/\/www.polandservice.com\/es\/?page_id=42"},"modified":"2020-04-20T22:21:58","modified_gmt":"2020-04-20T22:21:58","slug":"polonia","status":"publish","type":"page","link":"https:\/\/www.polandservice.com\/es\/polonia\/","title":{"rendered":"Sobre Polonia"},"content":{"rendered":"<p><a href=\"https:\/\/www.polandservice.com\/es\/files\/2014\/10\/flaga_3.jpg\"><img loading=\"lazy\" decoding=\"async\" class=\"aligncenter wp-image-275\" title=\"flaga_3\" src=\"https:\/\/www.polandservice.com\/es\/files\/2014\/10\/flaga_3.jpg\" alt=\"\" width=\"825\" height=\"176\" \/><\/a><\/p>\n<p style=\"text-align: justify;\"><strong><span style=\"text-decoration: underline;\">Polonia en el mapa<\/span><\/strong><\/p>\n<p style=\"text-align: justify;\">Polonia se encuentra en el coraz\u00f3n de Europa y a trav\u00e9s de los tiempos ha sido la frontera entre el este y el oeste. Durante viajes y visitas por el pa\u00eds se puede conseguir el esp\u00edritu de ambos. Cerca de Varsovia, \u00a1es el centro geom\u00e9trico de Europa! Polonia se extiende desde el Mar B\u00e1ltico hacia los Tatras (parte de los C\u00e1rpatos) con una superficie de 312.685 km2.<\/p>\n<p style=\"text-align: justify;\">Territorialmente es el noveno pa\u00eds m\u00e1s grande en Europa y el n\u00famero 63 en el mundo. Polonia tiene un mont\u00f3n de vecinos: Alemania al oeste, Rep\u00fablica Checa y Eslovaquia al sur, Ucrania, Bielorrusia y Lituania al este y Rusia al noreste. El Mar B\u00e1ltico tambi\u00e9n crea fronteras mar\u00edtimas con Dinamarca y Suecia. Polonia es miembro de la ONU, la OTAN y la UE. El pa\u00eds est\u00e1 dividido en 16 regiones administrativas. El nombre del pa\u00eds probablemente viene del nombre de una de las mayores tribus que viv\u00edan en esta regi\u00f3n: \u201cPolanie\u201d, que significa \u201chabitantes de las llanuras\u201d.<\/p>\n<p style=\"text-align: justify;\"><strong><span style=\"text-decoration: underline;\">Geograf\u00eda<\/span><\/strong><\/p>\n<p style=\"text-align: justify;\">Polonia se extiende entre el mar B\u00e1ltico y los C\u00e1rpatos, que ofrecen una pintoresca variedad de paisajes. Casi el 75% de Polonia est\u00e1 formado por tierras bajas. Cubren la parte norte y central del pa\u00eds, mientras que el sur es monta\u00f1oso. En el norte se encuentran los distritos de lagos y Masuria, con peque\u00f1as colinas post-glaciales, innumerables lagos y cientos de kil\u00f3metros de largas rutas de pirag\u00fcismo. Polonia Central es una gran llanura verde. La parte sur cuenta con tierras altas del Jur\u00e1sico y cordilleras: Karkonosze, Beskidy y los Tatras, la cordillera m\u00e1s alta de Polonia (el pico m\u00e1s alto es Rysy a 2.499 m sobre el nivel del mar). El r\u00edo m\u00e1s largo de Polonia es el V\u00edstula (&#8222;Wis\u0142a&#8221; en polaco), que fluye de 1047 kil\u00f3metros desde el Sur a trav\u00e9s de Polonia Central hacia el Mar B\u00e1ltico.<\/p>\n<p style=\"text-align: justify;\"><strong><span style=\"text-decoration: underline;\">Idioma<\/span><\/strong><\/p>\n<p style=\"text-align: justify;\">El polaco es una lengua eslava que pertenece al grupo de las lenguas eslavas occidentales (junto con Checa y Eslovaquia, entre otros). Tiene su origen en el grupo de lenguas indoeuropeas. Parece que es uno de los idiomas m\u00e1s dif\u00edciles, con muchas reglas gramaticales y un n\u00famero a\u00fan mayor de excepciones. La pronunciaci\u00f3n es un hueso muy duro de roer para los extranjeros. Aunque, incluso para los polacos, palabras como &#8222;Chrz\u0105szcz&#8221; o &#8222;rzeszowszczyzna&#8221; no son f\u00e1ciles,.. Pero la lengua polaca es digna de aprender. \u00a1Es hablada por cerca de 50 millones de personas!<\/p>\n<p style=\"text-align: justify;\">Viajando por Polonia no deber\u00eda usted tener ning\u00fan problema para comunicarse en ingl\u00e9s b\u00e1sico. En los lugares que atraen a muchos turistas o en las grandes ciudades, el ingl\u00e9s es bastante hablado, sobre todo por los j\u00f3venes. Las descripciones en museos o el men\u00fa en distintos restaurantes est\u00e1n en ingl\u00e9s tambi\u00e9n. En algunas partes de Polonia (en la regi\u00f3n de Silesia, la costa del Mar B\u00e1ltico, el distrito de Masuria) tambi\u00e9n puede usted comunicarse en alem\u00e1n con facilidad. Pero si va a visitar los lugares que no son muy populares entre los visitantes, es posible que tenga algunas dificultades. Los polacos generalmente son muy amables y le ayudar\u00e1n con mucho gusto, pero su \u00e9xito en la obtenci\u00f3n de informaci\u00f3n puede basarse s\u00f3lo en el lenguaje de signos. La gente de cincuenta a\u00f1os de edad o mayores a\u00fan recuerdan un poco de ruso, que se usaba en las escuelas como segunda lengua en el marco del r\u00e9gimen comunista.<\/p>\n<p style=\"text-align: justify;\"><strong><span style=\"text-decoration: underline;\">Poblaci\u00f3n<\/span><\/strong><\/p>\n<p style=\"text-align: justify;\">Polonia est\u00e1 habitada por unas 38 millones de personas, lo que convierte al pa\u00eds en el octavo m\u00e1s poblado de Europa y el n\u00famero 29 en el mundo. En contraste con la historia pasada, hoy en d\u00eda es un pa\u00eds muy homog\u00e9neo &#8211; m\u00e1s del 96% de habitantes son polacos. Las minor\u00edas \u00e9tnicas son el 3,6% de la poblaci\u00f3n (\u00a1antes de la Segunda Guerra Mundial eran el 35% de la poblaci\u00f3n!). Entre ellos los grupos m\u00e1s numerosos se encuentran los alemanes (cerca de 150 mil personas), los bielorrusos y los ucranianos. La raz\u00f3n de esta homogeneidad es la tr\u00e1gica historia del siglo XX de Polonia: Durante la Segunda Guerra Mundial cerca de 6 millones de personas murieron en el frente de batalla o exterminados. Despu\u00e9s de la conferencia de Yalta (1945) las fronteras de Polonia fueron marcadas. Como consecuencia, el pa\u00eds perdi\u00f3 el 20% de su territorio desde antes de la Segunda Guerra Mundial, as\u00ed como 6,5 millones de personas. Los re-asentamientos y la emigraci\u00f3n bajo el r\u00e9gimen comunista redujeron a\u00fan m\u00e1s la poblaci\u00f3n de 1,7 millones.<\/p>\n<p style=\"text-align: justify;\"><strong><span style=\"text-decoration: underline;\">Curiosidades<\/span><\/strong><\/p>\n<ul style=\"text-align: justify;\">\n<li><em>El 30% de la superficie de Polonia est\u00e1 ocupada por zonas forestales.<\/em><\/li>\n<li><em>Polonia tiene unos 9.000 lagos y es el segundo pa\u00eds de Europa con m\u00e1s lagos despu\u00e9s de Finlandia.<\/em><\/li>\n<li><em>El 25% de las cig\u00fce\u00f1as de Europa se encuentran en Polonia<\/em><\/li>\n<li><em>El \u00fanico desierto de Europa Central se encuentra en Polonia, entre Cracovia y Czestochowa<\/em><\/li>\n<li><em>20 millones de Polacos (o descendientes de polacos) viven actualmente fuera de Polonia. La ciudad del mundo donde viven m\u00e1s polacos es Chicago con m\u00e1s de 2 millones.<\/em><\/li>\n<li><em>Polonia ha sido invadida o ha luchado por su libertad en insurrecciones 43 veces entre 1600 y 1945.<\/em><\/li>\n<li><em>El animal nacional de Polonia es la cig\u00fce\u00f1a.<\/em><\/li>\n<li><em>Polonia puede presumir de ostentar el mayor n\u00famero de t\u00edtulos de \u2018el hombre m\u00e1s fuerte del mundo\u2019.<\/em><\/li>\n<li><em>Polonia cuenta con 377.000 m\u00e9dicos y enfermeras en 2014 seg\u00fan datos oficiales.<br \/>\n<\/em><\/li>\n<li><em>Polonia es el pa\u00eds de la UE con el menor n\u00famero de m\u00e9dicos por habitante.<\/em><\/li>\n<li><em>Polonia es uno de los pa\u00edses m\u00e1s pac\u00edficos del mundo seg\u00fan un informe de UNICEF en 2007.<\/em><\/li>\n<li><em>Polonia fue el primer pa\u00eds europeo en establecer la libertad de culto religioso &#8211; en 1573. Por eso se gan\u00f3 el nombre de \u201casilo de herejes\u201d ya que acogi\u00f3 a muchos jud\u00edos expulsados de otros pa\u00edses de Europa como fue el caso de los sefard\u00edes en Espa\u00f1a.<\/em><\/li>\n<li><em>Cada 1 de agosto en Varsovia y las principales ciudades polacas se conmemora el inicio del Levantamiento de Varsovia el 1 de agosto de 1944. A las 17.00 horas \u2013 &#8222;godzina W&#8221; (hora W) \u2013 con sirenas y un minuto de silencio que paralizan la actividad en las ciudades y re\u00fanen a miles de personas en las calles (nadie se mueve por un minuto).<\/em><\/li>\n<li><em>Antes de la\u00a0<\/em><em>Segunda Guerra Mundial, Polonia contaba con la mayor poblaci\u00f3n jud\u00eda en Europa\u00a0 y la segunda mayor del mundo tras Estados Unidos. Varsovia era la ciudad del mundo con m\u00e1s jud\u00edos despu\u00e9s de Nueva York. Antes de la invasi\u00f3n nazi viv\u00edan en el pa\u00eds centro-europeo m\u00e1s de 3.000.000 de jud\u00edos y tras la guerra solo quedaron en el pa\u00eds unos 100.000, muchos de los cuales fueron expulsados en 1968 por una campa\u00f1a anti-sionista lanzada por las autoridades comunistas.<\/em><\/li>\n<li><em>Polonia fue el estado m\u00e1s grande de Europa durante 30 a\u00f1os en el siglo XV. El Imperio Polaco se extend\u00eda desde el B\u00e1ltico hasta el mar Negro.<\/em><\/li>\n<li><em>Polonia no existi\u00f3 como entidad \u00a0jur\u00eddico-pol\u00edtica ni figur\u00f3 en los mapas de Europa durante 123 a\u00f1os a causa del reparto del pa\u00eds entre los imperios de Prusia, Austria y Rusia.<\/em><\/li>\n<li><em>Polonia alberga la segunda imagen de Cristo m\u00e1s alta en el mundo, la Estatua de Cristo Rey de 36 metros de altura, en\u00a0\u015awiebodzin, erigida en el a\u00f1o 2010.<\/em><\/li>\n<li><em>Polonia puede presumir de 16 Premios Nobel, entre ellos cinco de literatura.<\/em><\/li>\n<li><em>En 1976 el gobierno comunista polaco introdujo la \u2018eterna amistad entre Polonia y Rusia\u2019 en la Constituci\u00f3n del pa\u00eds.<\/em><\/li>\n<li><em>La pel\u00edcula Apocalypsis Now de Francis Ford Coppola est\u00e1 basada en la novela Heart of Darkness\u00a0del escritor polaco en lengua inglesa Joseph Conrad, que por cierto curs\u00f3 sus estudios de secundaria en Cracovia.<\/em><\/li>\n<li><em>Unos 6.000.000 de polacos perdieron la vida durante la Segunda Guerra Mundial \u2013 un 20% de la poblaci\u00f3n del pa\u00eds entonces. Unos 3.000.000 eran jud\u00edos polacos, 2.000.000 polacos cat\u00f3licos y el resto ucranianos, bielorusos, gitanos y personas de otros grupos \u00e9tnicos.<\/em><\/li>\n<li><em>En la Segunda Guerra Mundial Polonia nunca se rindi\u00f3 oficialmente a Alemania y a diferencia de la mayor\u00eda\u00a0de los pa\u00edses ocupados, nunca hubo una divisi\u00f3n de las SS formada por tropas polacas.<\/em><\/li>\n<li><em>El director de cine Roman Polanski, de ni\u00f1o, consigui\u00f3\u00a0sobrevivir al Gueto de Cracovia y luego, tras vivir como un mendigo en la calle, logr\u00f3 escapar de los nazis haci\u00e9ndose pasar por hijo cat\u00f3lico en familias de acogida (pagando una cuota) en pueblos de la zona.<\/em><\/li>\n<li><em>Un 80 % de los jud\u00edos norteamericanos tiene ascendencia jud\u00edo-polaca.<\/em><\/li>\n<li><em>El coraz\u00f3n del compositor Frederyk Chopin se encuentra en la\u00a0Iglesia de la Santa Cruz de Varsovia. Mientras que el resto de su cuerpo reposa en Par\u00eds.<\/em><\/li>\n<li><em>La Universidad Jagel\u00f3nica de Cracovia, fundada en 1364, es la cuarta\u00a0m\u00e1s antigua del mundo &#8211; despu\u00e9s de la de Bolonia en Italia, la Universidad de Salamanca y la de Carlos en Praga.<\/em><\/li>\n<li><em>Uno de cada diez universitarios en Europa es polaco.<\/em><\/li>\n<li><em>La librer\u00eda en funcionamiento m\u00e1s antigua de Europa, &#8222;Matras&#8221;, se encuentra en el n\u00famero 23 de la Plaza del Mercado de Cracovia, donde funciona desde 1610.<\/em><\/li>\n<li><em>La Constituci\u00f3n de Polonia (aprobada el 3 de mayo de 1791) fue la primera que se cre\u00f3 en Europa y la segunda en el mundo despu\u00e9s de la de los Estados Unidos de Am\u00e9rica.<\/em><\/li>\n<li><em>Entre unos 40.000 y 50.000 vietnamitas viven en Polonia actualmente. La mayor\u00eda son refugiados o hijos de refugiados de la Guerra de Vietnam que el r\u00e9gimen comunista polaco acogi\u00f3 durante los a\u00f1os 60, tras un acuerdo con el Viet Cong.<\/em><\/li>\n<li><em>La bebida favorita de los polacos no es la vodka, sino la cerveza.<\/em><\/li>\n<li><em>Polonia es el segundo mayor importador de salm\u00f3n noruego en Europa.<\/em><\/li>\n<li><em>Polonia es el mayor productor y exportador de manzanas\u00a0del mundo (era, hasta el embargo ruso de agosto 2014).<\/em><\/li>\n<li><em>Polonia es el mayor exportador de carne de caballo en Europa.<\/em><\/li>\n<li><em>Polonia es el pa\u00eds de la UE que m\u00e1s paga por el gas ruso.<\/em><\/li>\n<li><em>En Polonia los hombres compran flores a las mujeres en el D\u00eda de la Mujer, el 8 de marzo.<\/em><\/li>\n<li><em>En en noreste de Polonia se pueden ver dos mezquitas de madera. En todo el pa\u00eds hay cinco mezquitas.<\/em><\/li>\n<li><em>No est\u00e1 bien visto preguntarle a una mujer polaca por su edad.<\/em><\/li>\n<li><em>Uno siempre deber\u00eda ceder el asiento a una persona mayor cuando se viaja en transporte p\u00fablico en Polonia.<\/em><\/li>\n<li><em>Los hombres en Polonia normalmente abren las puertas a las mujeres como gesto de cortes\u00eda y buena educaci\u00f3n.<\/em><\/li>\n<li><em>Escritores latinoamericanos como Mario Vargas Llosa, Julio Cort\u00e1zar \u00a0y Gabriel Garc\u00eda M\u00e1rquez\u00a0obtuvieron una gran popularidad \u00a0y un gran n\u00famero de lectores en Polonia durante los a\u00f1os 1960 y 1970.<\/em><\/li>\n<li><em>Unos 3.000 espa\u00f1oles residen en Polonia a 2014, seg\u00fan los datos que maneja la Embajada de Espa\u00f1a en Polonia.<\/em><\/li>\n<li><em>Unos mil italianos residen en la ciudad de\u00a0Wroc\u0142aw.<\/em><\/li>\n<li><em>Los bagels (rosquillas de pan con un agujero en el medio) nacieron en el barrio jud\u00edo de Kazimierz en Cracovia en el siglo XVI. Luego este producto se populariz\u00f3 en la comunidad jud\u00eda en otros pa\u00edses,\u00a0y en Estados Unidos sobre todo, por efecto de la inmigraci\u00f3n.<\/em><\/li>\n<li><em>En el resorte de monta\u00f1a de\u00a0Karpacz G\u00f3rny, cerca de Jelenia G\u00f3ra, en la Baja Silesia se encuentra un punto de gravitaci\u00f3n an\u00f3mala, donde la gravedad no funciona de forma convencional sino es un 4% m\u00e1s baja. Como consecuencia de ello, en este punto hay una carretera con un poco de pendiente donde si se deja un coche parado, o una botella de vidrio, estos no se desplazar\u00e1n cuesta abajo, sino cuesta arriba. La excepcionalidad gravitatoria de este punto ha sido confirmada por investigaciones cient\u00edficas. Se cree que este fen\u00f3meno puede guardar relaci\u00f3n con la actividad de la zona, pero no se ha podido demostrar su causa exacta todav\u00eda.<\/em><\/li>\n<li><em>Cada 4 de julio, d\u00eda de la Independencia en EE.UU en el Mont\u00edculo\u00a0Ko\u015bciuszko de Cracovia ondea la bandera norteamericana. Se hace para conmemorar los estrechos lazos y buenas relaciones entre Polonia y EE.UU, pero sobre todo para honorar la figura de Tadeusz\u00a0Ko\u015bciuszko, h\u00e9roe polaco que particip\u00f3 en la Guerra de Independencia de los EE.UU y luch\u00f3 por la causa polaca.<\/em><\/li>\n<li><em>Babia G\u00f3ra, Bia\u0142owie\u017ca, el lago \u0141uknajno, S\u0142owi\u0144ski, los C\u00e1rpatos Orientales, los Montes Tatras, Karkonoski, Puszcza Kampinoska, Polesia Occidental y Bory Tucholskie son espacios catalogados como reservas de la biosfera por la UNESCO en Polonia.<\/em><\/li>\n<li><em>Los hechos que narra la famosa pel\u00edcula \u201cLa Gran Evasi\u00f3n\u201d no sucedieron en Baviera sino en la Silesia en la localidad de \u017baga\u0144, que es polaca desde 1945.<\/em><\/li>\n<li><em>El libro de Kapu\u015bci\u0144ski &#8222;El Emperador&#8221;, sobre la figura del dictador africano Haile Selassie, podr\u00eda interpretarse como una alusi\u00f3n a la administraci\u00f3n de Edward Gierek, el primer Secretario del Partido Comunista de Polonia en los a\u00f1os 70.<\/em><\/li>\n<li><em>Polonia es uno de los pocos pa\u00edses en el mundo, donde el \u00a0cort\u00e9s besamanos sigue siendo una pr\u00e1ctica com\u00fan (no entre los j\u00f3venes).<\/em><\/li>\n<li><em>El astr\u00f3nomo polaco Johannes Hevelius (1611-1687) public\u00f3 los primeros mapas exactos de la luna.<\/em><\/li>\n<li><em>La Radio de Polonia (Polskie Radio) emite cada d\u00eda en directo a trav\u00e9s de su canal 1 (jedynka) el sonido del hejnal desde la Bas\u00edlica de Santa Mar\u00eda de Cracovia a las 12 del mediod\u00eda.<\/em><\/li>\n<li><em>Entre 1989 y 2007, la econom\u00eda de Polonia creci\u00f3 un 177%.<\/em><\/li>\n<li><em>En Polonia las empresas cotizan al 19%, uno de los niveles m\u00e1s bajos de Europa y el tipo m\u00e1ximo impositivo personal es el 32%, tambi\u00e9n uno de los m\u00e1s bajos en la UE.<\/em><\/li>\n<li><em>El famoso actor norteamericano Charles Bronson era hijo de un emigrante t\u00e1rtaro polaco nacido en\u00a0Druskininkai\u2013poblaci\u00f3n polaca, que se encuentra actualmente en territorio lituano.<\/em><\/li>\n<li><em>Un 12% de la energ\u00eda vendida en el mercado polaco proviene de fuentes renovables (en 2014).<\/em><\/li>\n<li><em>La edad media de la poblaci\u00f3n en Polonia, en 2014, es de 39.5 a\u00f1os. 37.9 para los hombres y 41.3 para las mujeres, seg\u00fan datos publicados por la CIA en su World Factbook. La esperanza de vida en Polonia es de 77 a\u00f1os, 81 a\u00f1os para las mujeres, 73 a\u00f1os para los hombres.<\/em><\/li>\n<li><em>Polonia cuenta con 14 zonas econ\u00f3micas especiales, donde los inversores internacionales pueden beneficiarse de diferentes exenciones de impuestos.<\/em><\/li>\n<li><em>Los cines polacos echan las pel\u00edculas extranjeras en versi\u00f3n original subtitulada, a excepci\u00f3n de las pel\u00edculas infantiles que se proyectan con doblaje. En televisi\u00f3n sin embargo se ponen las pel\u00edculas extranjeras con lector\u2013un doblaje con una \u00fanica voz para todos los personajes.<\/em><\/li>\n<li><em>Juan Pablo II era aficionado del club de f\u00fatbol KS Cracovia.<\/em><\/li>\n<li><em>Polonia fue el \u00fanico pa\u00eds dentro del bloque comunista en Europa del Este que no sufri\u00f3 una colectivizaci\u00f3n de su agricultura.<\/em><\/li>\n<li><em>Polonia tuvo la suerte de tener un r\u00e9gimen dictatorial comunista menos duro y m\u00e1s permisivo que otros pa\u00edses del Bloque como Alemania Oriental y Ruman\u00eda.<\/em><\/li>\n<li><em>M\u00e1s de la mitad de los espacios publicitarios en televisi\u00f3n los ocupan anuncios de productos farmac\u00e9uticos.<\/em><\/li>\n<li><em>El pianista y <strong>c<\/strong>ompositor Ignacy Jan Paderewski fue Primer Ministro de Polonia en 1919 durante la Segunda Rep\u00fablica Polaca de entre-guerras. A menudo se destaca que Polonia es el \u00fanico pa\u00eds que ha tenido a un electricista y a un compositor ejerciendo el m\u00e1ximo poder pol\u00edtico.<\/em><\/li>\n<li><em>El idioma artificial internacional conocido como Esperanto fue creado en Polonia por el oftalmol\u00f3gico polaco Ludwik Lejzer Zamenhof<\/em><\/li>\n<li><em>Los estudiantes polacos de instituto cada a\u00f1o unos d\u00edas antes de la festividad de Todos los Santos de forma organizada y junto a sus profesores limpian las zonas descuidadas y las tumbas desatendidas de los cementerios.<\/em><\/li>\n<li><em>En la Polonia de entre-guerras (Segunda Rep\u00fablica) cada vez que una familia polaca ten\u00eda siete hijos varones, el s\u00e9ptimo ten\u00eda el honor y el privilegio de contar con el Primer Ministro de Polonia como padrino de bautizo honor\u00edfico. Este no acud\u00eda al bautizo pero si mandaba a un alto funcionario local en su representaci\u00f3n y firmaba un documento que certificaba tal honor.<\/em><\/li>\n<li><em>La televisi\u00f3n p\u00fablica polaca TVP tiene un canal en abierto dedicado exclusivamente a Historia (TVP Historia).<\/em><\/li>\n<li><em>En Polonia est\u00e1 mal visto hablar mientras se tiene las manos en los bolsillos.<\/em><\/li>\n<li><em>Los polacos son muy puntuales en el trabajo y para los negocios, no le dan tanta importancia \u00a0a esta a la hora de asistir a eventos sociales.<\/em><\/li>\n<li><em>Uno de cada cuatro polacos tiene un t\u00edtulo universitario.<\/em><\/li>\n<li><em>Los polacos trabajan al a\u00f1o de media unas 1.937 horas, unas 160 horas m\u00e1s que la media a nivel mundial.<\/em><\/li>\n<li><em>Seg\u00fan una leyenda, las aguas del lago Morskie Oko (el Ojo del Mar) en los Montes Tatras est\u00e1n conectadas con el Mar Adri\u00e1tico.<\/em><\/li>\n<li><em>En 1985 los pa\u00edses miembros del Pacto de Varsovia firmaron en la capital polaca una ampliaci\u00f3n del mismo hasta 2005, aunque la disoluci\u00f3n del pacto se produjo finalmente el 1 de julio de 1991 en Praga.<\/em><\/li>\n<\/ul>\n","protected":false},"excerpt":{"rendered":"<p>Polonia en el mapa Polonia se encuentra en el coraz\u00f3n de Europa y a trav\u00e9s de los tiempos ha sido la frontera entre el este y el oeste. Durante viajes y visitas por el pa\u00eds se puede conseguir el esp\u00edritu de ambos. Cerca de Varsovia, \u00a1es el centro geom\u00e9trico de Europa! Polonia se extiende desde [&hellip;]<\/p>\n","protected":false},"author":1,"featured_media":0,"parent":0,"menu_order":0,"comment_status":"open","ping_status":"open","template":"","meta":{"footnotes":""},"class_list":["post-42","page","type-page","status-publish","hentry"],"_links":{"self":[{"href":"https:\/\/www.polandservice.com\/es\/wp-json\/wp\/v2\/pages\/42","targetHints":{"allow":["GET"]}}],"collection":[{"href":"https:\/\/www.polandservice.com\/es\/wp-json\/wp\/v2\/pages"}],"about":[{"href":"https:\/\/www.polandservice.com\/es\/wp-json\/wp\/v2\/types\/page"}],"author":[{"embeddable":true,"href":"https:\/\/www.polandservice.com\/es\/wp-json\/wp\/v2\/users\/1"}],"replies":[{"embeddable":true,"href":"https:\/\/www.polandservice.com\/es\/wp-json\/wp\/v2\/comments?post=42"}],"version-history":[{"count":21,"href":"https:\/\/www.polandservice.com\/es\/wp-json\/wp\/v2\/pages\/42\/revisions"}],"predecessor-version":[{"id":838,"href":"https:\/\/www.polandservice.com\/es\/wp-json\/wp\/v2\/pages\/42\/revisions\/838"}],"wp:attachment":[{"href":"https:\/\/www.polandservice.com\/es\/wp-json\/wp\/v2\/media?parent=42"}],"curies":[{"name":"wp","href":"https:\/\/api.w.org\/{rel}","templated":true}]}}