{"id":160,"date":"2014-11-07T16:40:03","date_gmt":"2014-11-07T16:40:03","guid":{"rendered":"https:\/\/www.polandservice.com\/es\/?page_id=160"},"modified":"2017-03-31T09:15:15","modified_gmt":"2017-03-31T09:15:15","slug":"aspectos-practicos","status":"publish","type":"page","link":"https:\/\/www.polandservice.com\/es\/polonia\/aspectos-practicos\/","title":{"rendered":"Aspectos practicos"},"content":{"rendered":"<p style=\"text-align: justify;\"><strong>Dinero<\/strong><\/p>\n<p style=\"text-align: justify;\">La moneda nacional es el Zloty (PLN o ZL, utilizado s\u00f3lo en Polonia). Zloty significa \u201eel dorado\u201d. En la mayor\u00eda de los lugares es aceptable s\u00f3lo PLN, as\u00ed que aseg\u00farese de que al viajar por todo el pa\u00eds, el dinero polaco est\u00e9 siempre con usted. En algunos de los grandes centros comerciales o los lugares tur\u00edsticos se puede \u00a0pagar con euros, pero el tipo de cambio suele ser mayor. Los billetes son 200, 100, 50, 20, 10 PLN. Las monedas son: 5,2,1 PLN. 1 PLN es igual a 100 Grosz (como c\u00e9ntimos de Euro).<\/p>\n<p style=\"text-align: justify;\"><strong>Tarjetas de cr\u00e9dito<\/strong><\/p>\n<p style=\"text-align: justify;\">Pagar con la tarjeta de cr\u00e9dito se est\u00e1 convirtiendo en algo muy popular en Polonia. En los hoteles, tiendas, restaurantes en las ciudades normalmente se puede pagar con la tarjeta de cr\u00e9dito. De lo contrario, si usted est\u00e1 en el campo, la compra de alimentos o recuerdos locales en una peque\u00f1a tienda la tendr\u00e1 que pagar en efectivo en ese mismo lugar; mientras que la compra de las entradas a los museos siempre es mejor pagarla con algo de dinero polaco, ya que la mayor\u00eda de los museos todav\u00eda no aceptan las tarjetas. Pero la red de mashines ATM se est\u00e1 desarrollando satisfactoriamente, no hay ning\u00fan problema con la b\u00fasqueda y el uso de estos. Las tarjetas m\u00e1s populares son: Visa, Visa Electron, Mastercard, Maestro y PolCard.<\/p>\n<p style=\"text-align: justify;\"><strong>Cheques de viajero<\/strong><\/p>\n<p style=\"text-align: justify;\">Los cheques de viajero no son populares en Polonia, por lo tanto usted puede encontrar dificultades tratando de utilizarlos. Puede cambiarlos en los bancos (pero la operaci\u00f3n puede tardar varios d\u00edas), en algunos de los hoteles o unas oficinas de turismo de las grandes ciudades. Si es posible, evite el uso de la misma.<\/p>\n<p style=\"text-align: justify;\"><strong>Cambio de dinero<\/strong><\/p>\n<p style=\"text-align: justify;\">Puede cambiar dinero en los bancos o en las oficinas de cambio (en kantor &#8211; polaco) y la mayor\u00eda de las monedas son aceptadas. Siempre hay un mont\u00f3n de ellos en los lugares tur\u00edsticos y en los centros de las ciudades. Como son privados, siempre es mejor visitar par de ellos para comparar el tipo de cambio y para escoger la mejor opci\u00f3n. Para evitar malentendidos o enga\u00f1os (muy raro, pero puede suceder) aseg\u00farese de cu\u00e1nto dinero se le debe pagar. Las casas de cambio en los hoteles suelen tener tasas m\u00e1s altas. Puede comprobar los tipos de cambio oficiales en <a href=\"http:\/\/www.nbp.pl\">www.nbp.pl<\/a><\/p>\n<p style=\"text-align: justify;\"><strong>Precios<\/strong><\/p>\n<p style=\"text-align: justify;\">De acuerdo con la ley de los precios, deben mostrarse claramente con el nombre del producto y el peso\/cantidad. El IVA debe estar incluido en el precio. La ley del IVA establece dos niveles de impuestos: la tasa b\u00e1sica del 23% y la m\u00e1s baja de 8%. El precio de mercado siempre incluye el impuesto.<\/p>\n<p style=\"text-align: justify;\"><strong>Propinas<\/strong><\/p>\n<p style=\"text-align: justify;\">En Polonia las propinas no est\u00e1n incluidas en el precio y se puede pagar s\u00f3lo en efectivo. La propina se considera como la apreciaci\u00f3n del buen servicio. Por ejemplo, en los restaurantes es por lo general alrededor del 10% del precio. \u00a1Tenga cuidado! Decir gracias al camarero mientras le da dinero para pagar por la cena quiere decir que no quiere cambios,.. En primer lugar d\u00e9 el\u00a0dinero y una vez recibido el cambio d\u00e9 \u00a0las gracias \u00a0para evitar malentendidos.<\/p>\n<p style=\"text-align: justify;\"><strong>Compras<\/strong><\/p>\n<p style=\"text-align: justify;\">La mayor\u00eda de las tiendas est\u00e1n abiertas de lunes a viernes de 10,00 a.m. a 6,00 p.m. u 11 a.m. hasta las 7,00 p.m., los s\u00e1bados 10,00 a.m. a 1,00 de la tarde y los domingos permanecen cerradas. Sin embargo, en las grandes ciudades y los lugares tur\u00edsticos, la mayor\u00eda de las tiendas est\u00e1n abiertas todo el fin de semana hasta altas horas de la tarde. En las ciudades los grandes centros comerciales son populares (usualmente llamado galer\u00eda comercial). Se abren de 10 a.m. &#8211; 21:00. El horario general de las tiendas de comestibles es de Lunes a Viernes de 07.00 a 19:00. En Polonia los enormes centros comerciales son relativamente recientes, aunque todav\u00eda hay un sinf\u00edn de peque\u00f1as tiendas &#8211; boutiques que son muy populares. Cerca del centro de la ciudad siempre se encuentran los mercados locales (o bazares), \u00a1donde realmente se puede observar la vida diaria!<\/p>\n<p style=\"text-align: justify;\"><strong>Tama\u00f1os, pesos y medidas<\/strong><\/p>\n<p style=\"text-align: justify;\">En Polonia se utiliza el sistema continental de tama\u00f1os. Para vestidos, trajes y abrigos, los m\u00e1s comunes son: 36 (Americano 8, Brit\u00e1nico 30) y 46 (18 de Am\u00e9rica, Brit\u00e1nico 40). Para los zapatos: 36 (Americana 6, Brit\u00e1nica 4,5) y 45 (10,5 Americana, 10 Brit\u00e1nica).<\/p>\n<p style=\"text-align: justify;\">Polonia utiliza el sistema m\u00e9trico, cuyas unidades b\u00e1sicas son: 1 metro (longitud &#8211; 1 m) y 1 kilogramo (masa &#8211; 1 kg). Adem\u00e1s de las unidades b\u00e1sicas, tambi\u00e9n existen derivados. El m\u00e1s \u00fatil para usted podr\u00eda ser: 1 decagramo (1 dag = 1\/100 kg), y para la longitud: 1 kil\u00f3metro (1 km).<\/p>\n<p style=\"text-align: justify;\">La forma general para medir la temperatura es mediante el uso de la escala Celsius (cent\u00edgrados, \u00b0 C).<\/p>\n<p style=\"text-align: justify;\">0 C = 273 K = 32 Lejos, 100 C = 373 K = 212 Lejos<\/p>\n<p style=\"text-align: justify;\">Peso: 1 libra = 0,454 kg, Longitud: 1 milla = 1,609 kil\u00f3metros, 1 pie = 0,3 m<\/p>\n<p style=\"text-align: justify;\"><strong>N\u00fameros de tel\u00e9fono<\/strong><\/p>\n<p style=\"text-align: justify;\">C\u00f3digo de llamada: 0048 (Polonia)<\/p>\n<p style=\"text-align: justify;\">Para las ciudades, por ejemplo: 0048 22 (Warszawa), 0048 12 (Krak\u00f3w), 0048 71 (Wroc\u0142aw)<\/p>\n<p style=\"text-align: justify;\">Emergencias: 112 por el tel\u00e9fono m\u00f3vil<\/p>\n<p style=\"text-align: justify;\">Polic\u00eda: 997<\/p>\n<p style=\"text-align: justify;\">Bomberos: 998<\/p>\n<p style=\"text-align: justify;\">Ambulancia: 999<\/p>\n<p style=\"text-align: justify;\">Servicio de emergencia en carretera: 981<\/p>\n<p style=\"text-align: justify;\"><strong>Adicional:<\/strong><\/p>\n<p style=\"text-align: justify;\">Zona horaria: GMT +1<\/p>\n<p style=\"text-align: justify;\">Electricidad: 230 voltios CA; 50Hz; enchufes de dos clavijas redondas<\/p>\n<p style=\"text-align: justify;\"><strong>Viajar en coche<\/strong><\/p>\n<p style=\"text-align: justify;\">En Polonia se respetan las se\u00f1ales internacionales de tr\u00e1fico, los cinturones de seguridad deben fijarse por los conductores y los pasajeros y las luces son tambi\u00e9n un punto importante. La mayor\u00eda de los pilotos polacos no respetan los l\u00edmites de velocidad, con lo cual, deben tener cuidado. Las carreteras polacas est\u00e1n mejorando sucesivamente, hay un mont\u00f3n de obras viales e inversiones en la infraestructura vial. No hay muchas autopistas sin embargo, la mayor\u00eda de ellos se parecen a las v\u00edas r\u00e1pidas. Algunas de las carreteras locales son muy desiguales y estrechas, junto con el l\u00edmite de velocidad (por ejemplo, en una zona de acumulaci\u00f3n) y algunos de los obst\u00e1culos (por ejemplo, la compra de caballos o un tractor en un campo) puede hacer que se quede atascado en alg\u00fan lugar durante un tiempo,.. Debido a la condici\u00f3n de las carreteras polacas y las construcciones de carreteras, mientras que viajan por todo el pa\u00eds en coche (excluyendo autopistas) su velocidad media debe ser de unos 60 -70 km\/h. Piense en ello a la hora de planear cu\u00e1nto tiempo le llevar\u00e1 el llegar a su destino.<\/p>\n","protected":false},"excerpt":{"rendered":"<p>Dinero La moneda nacional es el Zloty (PLN o ZL, utilizado s\u00f3lo en Polonia). Zloty significa \u201eel dorado\u201d. En la mayor\u00eda de los lugares es aceptable s\u00f3lo PLN, as\u00ed que aseg\u00farese de que al viajar por todo el pa\u00eds, el dinero polaco est\u00e9 siempre con usted. En algunos de los grandes centros comerciales o los [&hellip;]<\/p>\n","protected":false},"author":2,"featured_media":0,"parent":42,"menu_order":0,"comment_status":"open","ping_status":"open","template":"","meta":{"footnotes":""},"class_list":["post-160","page","type-page","status-publish","hentry"],"_links":{"self":[{"href":"https:\/\/www.polandservice.com\/es\/wp-json\/wp\/v2\/pages\/160","targetHints":{"allow":["GET"]}}],"collection":[{"href":"https:\/\/www.polandservice.com\/es\/wp-json\/wp\/v2\/pages"}],"about":[{"href":"https:\/\/www.polandservice.com\/es\/wp-json\/wp\/v2\/types\/page"}],"author":[{"embeddable":true,"href":"https:\/\/www.polandservice.com\/es\/wp-json\/wp\/v2\/users\/2"}],"replies":[{"embeddable":true,"href":"https:\/\/www.polandservice.com\/es\/wp-json\/wp\/v2\/comments?post=160"}],"version-history":[{"count":8,"href":"https:\/\/www.polandservice.com\/es\/wp-json\/wp\/v2\/pages\/160\/revisions"}],"predecessor-version":[{"id":384,"href":"https:\/\/www.polandservice.com\/es\/wp-json\/wp\/v2\/pages\/160\/revisions\/384"}],"up":[{"embeddable":true,"href":"https:\/\/www.polandservice.com\/es\/wp-json\/wp\/v2\/pages\/42"}],"wp:attachment":[{"href":"https:\/\/www.polandservice.com\/es\/wp-json\/wp\/v2\/media?parent=160"}],"curies":[{"name":"wp","href":"https:\/\/api.w.org\/{rel}","templated":true}]}}