{"id":153,"date":"2014-11-07T16:34:37","date_gmt":"2014-11-07T16:34:37","guid":{"rendered":"https:\/\/www.polandservice.com\/es\/?page_id=153"},"modified":"2020-04-20T22:36:48","modified_gmt":"2020-04-20T22:36:48","slug":"polacos-famosos","status":"publish","type":"page","link":"https:\/\/www.polandservice.com\/es\/polonia\/polacos-famosos\/","title":{"rendered":"Polacos famosos"},"content":{"rendered":"<p style=\"text-align: justify;\">\u00bfCu\u00e1ntos polacos, muchos mundialmente famosos, puede usted mencionar? Si el n\u00famero es inferior a cinco, \u00a1usted deber\u00eda leer este cap\u00edtulo! Polonia es el lugar de nacimiento de un mont\u00f3n de gente muy conocida: cient\u00edficos, artistas, compositores, poetas, santos, hombres de negocios,.. Todos ellos contribuyeron a la ciencia o la cultura. \u00a1Algunos de los nombres se han convertido en s\u00edmbolos bien reconocidos en sus campos!<\/p>\n<p style=\"text-align: justify;\"><strong>Miko\u0142aj Kopernik (1473-1543)<\/strong><\/p>\n<p style=\"text-align: justify;\"><img loading=\"lazy\" decoding=\"async\" class=\"alignleft\" title=\"Mikolaj Kopernik\" src=\"https:\/\/www.polandservice.com\/wp-content\/uploads\/2012\/07\/Mikolaj-Kopernik1.jpg\" alt=\"\" width=\"82\" height=\"95\" \/><\/p>\n<p style=\"text-align: justify;\">Nicol\u00e1s Cop\u00e9rnico naci\u00f3 en Torun. \u00c9l es uno de los cient\u00edficos m\u00e1s famosos del mundo: un matem\u00e1tico, m\u00e9dico, abogado, economista, pero en primer lugar: el mayor de los astr\u00f3nomos. Se ha convertido en mundialmente famoso por su obra &#8222;De revolutionibus Orbium Coelestium&#8221;, revelando la revolucionaria teor\u00eda helioc\u00e9ntrica del universo. Muri\u00f3 en Frombork y fue enterrado en la catedral local.<\/p>\n<p style=\"text-align: justify;\"><strong>Maria Sklodowska &#8211; Curie (1867 &#8211; 1934)<\/strong><\/p>\n<p style=\"text-align: justify;\"><img loading=\"lazy\" decoding=\"async\" class=\"alignleft\" title=\"Marie Curie\" src=\"https:\/\/www.polandservice.com\/wp-content\/uploads\/2012\/07\/Sklodowska-Curie.jpg\" alt=\"\" width=\"77\" height=\"100\" \/><\/p>\n<p style=\"text-align: justify;\">Marie Curie naci\u00f3 en Varsovia y fue uno de las m\u00e1s famosas cient\u00edficas europeas. Anunci\u00f3 la teor\u00eda de la radiactividad y descubri\u00f3 dos nuevos elementos qu\u00edmicos: radio y polonio. Por sus descubrimientos en qu\u00edmica fue dos veces galardonada con el Premio Nobel, incluso hoy en d\u00eda, Maria Sklodowska-Curie es la \u00fanica mujer que ha ganado este premio dos veces. Usted puede encontrar el Museo de Maria Sklodowska-Curie en el casco antiguo de Varsovia.<\/p>\n<p style=\"text-align: justify;\"><strong>Fryderyk Chopin (1810 &#8211; 1849)\u00a0<\/strong><\/p>\n<p style=\"text-align: justify;\"><img loading=\"lazy\" decoding=\"async\" class=\"alignleft\" title=\"Chopin\" src=\"https:\/\/www.polandservice.com\/wp-content\/uploads\/2012\/07\/Chopin.jpg\" alt=\"\" width=\"75\" height=\"100\" \/>Fryderyk Chopin fue uno de los m\u00e1s grandes compositores de la historia de la m\u00fasica y un virtuoso del piano. \u00c9l sol\u00eda ser llamado el Poeta del Piano. Escribi\u00f3 innumerables piezas, entre ellas la Etude de la Revoluci\u00f3n. Naci\u00f3 en Zelazowa Wola, cerca de Varsovia, donde a\u00fan sigue su casa familiar en pie en forma de museo del compositor. Fryderyk Chopin muri\u00f3 en Par\u00eds, en el exilio (por culpa de la situaci\u00f3n pol\u00edtica en Polonia tuvo que abandonar el pa\u00eds). Su coraz\u00f3n, sin embargo fue enterrado en la Iglesia de la Santa Cruz de Varsovia.<\/p>\n<p style=\"text-align: justify;\"><strong>Artur Rubinstein (1887 &#8211; 1982)<\/strong><\/p>\n<p style=\"text-align: justify;\"><img loading=\"lazy\" decoding=\"async\" class=\"alignleft\" title=\"Arthur_Rubinstein\" src=\"https:\/\/www.polandservice.com\/wp-content\/uploads\/2012\/07\/Arthur_Rubinstein.jpg\" alt=\"\" width=\"80\" height=\"100\" \/>Artur Rubinstein fue uno de los pianistas m\u00e1s famosos, que dieron m\u00e1s de 6.000 conciertos en giras por Europa y las Am\u00e9ricas. Su carrera dur\u00f3 casi 80 a\u00f1os. Naci\u00f3 en Lodz en Polonia Central. Sali\u00f3 del pa\u00eds con su familia en 1939 y se estableci\u00f3 en los Estados Unidos, donde se le dio la ciudadan\u00eda. En Lodz, su ciudad natal, hay un hermoso monumento que conmemora al pianista. En la famosa pasteler\u00eda Blikle en Warszawa se pueden ver las fotograf\u00edas de su \u00faltima visita a Varsovia (1979).<\/p>\n<p style=\"text-align: justify;\"><strong>Lech Walesa (naci\u00f3 en 1943)\u00a0<\/strong><\/p>\n<p style=\"text-align: justify;\"><img loading=\"lazy\" decoding=\"async\" class=\"alignleft\" title=\"Lech_Walesa\" src=\"https:\/\/www.polandservice.com\/wp-content\/uploads\/2012\/07\/Lech_Walesa.jpg\" alt=\"\" width=\"85\" height=\"100\" \/>Lech Walesa naci\u00f3 en Popowo en 1943. Ganador del Premio Nobel de la Paz (1983) y l\u00edder del movimiento Solidaridad, que contribuy\u00f3 a la ca\u00edda del comunismo en Europa del Este. Trabaj\u00f3 como electricista en un astillero de Gdansk y llev\u00f3 a los trabajadores en huelga contra los comunistas. Fue elegido el primer presidente de Polonia independiente (1990-1995).<\/p>\n<p style=\"text-align: justify;\"><strong><br \/>\nSan Juan Pablo II (1920 &#8211; 2005)\u00a0<\/strong><\/p>\n<p style=\"text-align: justify;\"><img loading=\"lazy\" decoding=\"async\" class=\"alignleft\" title=\"JP II\" src=\"https:\/\/www.polandservice.com\/wp-content\/uploads\/2012\/07\/JP-II.jpg\" alt=\"\" width=\"70\" height=\"100\" \/>Juan Pablo II parece ser uno de los Papas m\u00e1s famosos de la historia. Antes de convertirse en Papa, su nombre era Karol Wojtyla. \u00c9l era de Cracovia obispo, cardenal, y, despu\u00e9s de su elecci\u00f3n en 1979, el Papa Juan Pablo II. Se ha convertido en el gran ap\u00f3stol de la reconciliaci\u00f3n entre las naciones y religiones. En Polonia existe una ruta especial de Juan Pablo II, volviendo sobre su vida y misi\u00f3n. Ha sido canonizado el 27 de abril de 2014 en St. Plaza de San Pedro en el Vaticano.<\/p>\n<p style=\"text-align: justify;\"><strong>Santa Faustina (1905 &#8211; 1938)\u00a0<\/strong><\/p>\n<p style=\"text-align: justify;\"><img loading=\"lazy\" decoding=\"async\" class=\"alignleft\" title=\"faustyna_bv01057\" src=\"https:\/\/www.polandservice.com\/wp-content\/uploads\/2012\/07\/faustyna_bv01057.png\" alt=\"\" width=\"75\" height=\"100\" \/>Faustina Kowalska fue canonizada por Juan Pablo II en 2000 conocido como el Ap\u00f3stol de la Misericordia de Dios. Fue enterrada en Cracovia, en Lagiewniki, donde es \u00a0famoso el Santuario de la Divina Misericordia.<\/p>\n<p>&nbsp;<\/p>\n<p style=\"text-align: justify;\"><strong><br \/>\nWis\u0142awa Szymborska (1923 &#8211; 2012)\u00a0<\/strong><\/p>\n<p style=\"text-align: justify;\"><img loading=\"lazy\" decoding=\"async\" class=\"alignleft\" title=\"Szymborksa\" src=\"https:\/\/www.polandservice.com\/wp-content\/uploads\/2012\/07\/Szymborksa.jpg\" alt=\"\" width=\"79\" height=\"100\" \/>Wislawa Szymborska fue una poetisa polaca muy famosa. Tambi\u00e9n fue traductora literaria y cr\u00edtica. En 1996 fue galardonada con el Premio Nobel de Literatura. En 2001 recibi\u00f3 el diploma de la Academia Americana de Artes y Literatura, el premio m\u00e1s importante dado por esta instituci\u00f3n.<\/p>\n<p>&nbsp;<\/p>\n<p><strong>Roman Pola\u0144ski (naci\u00f3 en 1923)\u00a0<\/strong><\/p>\n<p style=\"text-align: justify;\"><img loading=\"lazy\" decoding=\"async\" class=\"alignleft\" title=\"Polanski\" src=\"https:\/\/www.polandservice.com\/wp-content\/uploads\/2012\/07\/Polanski.jpg\" alt=\"\" width=\"68\" height=\"100\" \/>Roman Polanski es un director de fama mundial, la fuerza creativa detr\u00e1s de Oliver Twist, La novena puerta, o Frantic entre muchos otros. Nacido en 1933 en una familia jud\u00eda-polaca en Par\u00eds, en 1937 se traslad\u00f3 a Cracovia, sobreviviendo a la Segunda Guerra Mundial (en el pueblo de Wysoka, cerca de Cracovia). En 2003 se le dio el premio de la Academia por su pel\u00edcula El Pianista.<\/p>\n<p><strong><br \/>\nIrena Sendlerowa (1910 &#8211; 2008)<\/strong><\/p>\n<p style=\"text-align: justify;\"><a href=\"https:\/\/www.polandservice.com\/wp-content\/uploads\/2012\/07\/Irena-Sendler-in-a-nurses-outfit-during-WWII_6110710895_o1-226x300.jpg\"><img loading=\"lazy\" decoding=\"async\" class=\"alignleft\" title=\"Irena-Sendler-in-a-nurses-outfit-during-WWII_6110710895_o1-226x300\" src=\"https:\/\/www.polandservice.com\/wp-content\/uploads\/2012\/07\/Irena-Sendler-in-a-nurses-outfit-during-WWII_6110710895_o1-226x300.jpg\" alt=\"\" width=\"82\" height=\"108\" \/><\/a><\/p>\n<p style=\"text-align: justify;\">Irena Sendlerova fue una de los Justos entre las Naciones Unidas para ayudar a los ni\u00f1os jud\u00edos durante la Segunda Guerra Mundial en Polonia. Como s\u00edmbolo de la empat\u00eda con el pueblo jud\u00edo durante la guerra tambi\u00e9n llevaba una banda con una estrella de David alrededor de su brazo (que no ten\u00eda or\u00edgenes jud\u00edos). Irena Sendler contrabande\u00f3 ni\u00f1os jud\u00edos del gueto de Varsovia, busc\u00f3 lugares para que estos se escondiesen y encontr\u00f3 nuevas familias para el cuidado de ellos. Debido a su hero\u00edsmo salv\u00f3 a unos 2.500 ni\u00f1os jud\u00edos del Holocausto. Ella tiene su propio \u00e1rbol en Yad Vashem.<\/p>\n<p style=\"text-align: justify;\"><strong>Helena Rubinstein (1870 &#8211; 1965)\u00a0<\/strong><\/p>\n<p style=\"text-align: justify;\"><a href=\"https:\/\/www.polandservice.com\/wp-content\/uploads\/2012\/07\/808205-helena-rubinstein-la-pionniere-des-produits-cosmetiques.jpg\"><img loading=\"lazy\" decoding=\"async\" class=\"alignleft\" title=\"808205-helena-rubinstein-la-pionniere-des-produits-cosmetiques\" src=\"https:\/\/www.polandservice.com\/wp-content\/uploads\/2012\/07\/808205-helena-rubinstein-la-pionniere-des-produits-cosmetiques-214x300.jpg\" alt=\"\" width=\"77\" height=\"108\" \/><\/a>Helena Rubinstein, conocida como la reina de los cosm\u00e9ticos, naci\u00f3 en 1870 en Cracovia, en el pueblo jud\u00edo llamado \u00a0Kazimierz (la casa de su familia est\u00e1 all\u00ed hoy en d\u00eda). Ella se convirti\u00f3 en una de los m\u00e1s famosas de los industriales de cosm\u00e9ticos y fue la fundadora de la empresa Helen Rubinstein. En 1902 se mud\u00f3 a Australia y luego a Londres, donde comenz\u00f3 con sus cremas internacionales productoras de carrera, basadas en la receta de su madre. Muri\u00f3 en Nueva York.<\/p>\n<p style=\"text-align: justify;\"><strong>Max Factor (1872 &#8211; 1938)\u00a0<\/strong><\/p>\n<p style=\"text-align: justify;\"><a href=\"https:\/\/www.polandservice.com\/wp-content\/uploads\/2012\/07\/13.jpg\"><img loading=\"lazy\" decoding=\"async\" class=\"alignleft\" title=\"13\" src=\"https:\/\/www.polandservice.com\/wp-content\/uploads\/2012\/07\/13-244x300.jpg\" alt=\"\" width=\"88\" height=\"108\" \/><\/a>Max Factor (Maksymilian Faktorowicz), el icono de la cosm\u00e9tica y el fundador de la compa\u00f1\u00eda Max Factor, naci\u00f3 en 1872 en una familia pobre jud\u00eda en Lodz. De\u00a0 ni\u00f1o, trabaj\u00f3 en una farmacia y en un dentista, donde hizo sus primeros experimentos con cremas y medicamentos de mezcla. Cuando ten\u00eda 20 a\u00f1os abri\u00f3 su primera tienda en Mosc\u00fa y muy pronto comenz\u00f3 a trabajar para la corte del zar proporcionando cosm\u00e9ticos. En 1904 se traslad\u00f3 a Estados Unidos para continuar su gran carrera.<\/p>\n","protected":false},"excerpt":{"rendered":"<p>\u00bfCu\u00e1ntos polacos, muchos mundialmente famosos, puede usted mencionar? Si el n\u00famero es inferior a cinco, \u00a1usted deber\u00eda leer este cap\u00edtulo! Polonia es el lugar de nacimiento de un mont\u00f3n de gente muy conocida: cient\u00edficos, artistas, compositores, poetas, santos, hombres de negocios,.. Todos ellos contribuyeron a la ciencia o la cultura. \u00a1Algunos de los nombres se [&hellip;]<\/p>\n","protected":false},"author":1,"featured_media":0,"parent":42,"menu_order":0,"comment_status":"open","ping_status":"open","template":"","meta":{"footnotes":""},"class_list":["post-153","page","type-page","status-publish","hentry"],"_links":{"self":[{"href":"https:\/\/www.polandservice.com\/es\/wp-json\/wp\/v2\/pages\/153","targetHints":{"allow":["GET"]}}],"collection":[{"href":"https:\/\/www.polandservice.com\/es\/wp-json\/wp\/v2\/pages"}],"about":[{"href":"https:\/\/www.polandservice.com\/es\/wp-json\/wp\/v2\/types\/page"}],"author":[{"embeddable":true,"href":"https:\/\/www.polandservice.com\/es\/wp-json\/wp\/v2\/users\/1"}],"replies":[{"embeddable":true,"href":"https:\/\/www.polandservice.com\/es\/wp-json\/wp\/v2\/comments?post=153"}],"version-history":[{"count":21,"href":"https:\/\/www.polandservice.com\/es\/wp-json\/wp\/v2\/pages\/153\/revisions"}],"predecessor-version":[{"id":843,"href":"https:\/\/www.polandservice.com\/es\/wp-json\/wp\/v2\/pages\/153\/revisions\/843"}],"up":[{"embeddable":true,"href":"https:\/\/www.polandservice.com\/es\/wp-json\/wp\/v2\/pages\/42"}],"wp:attachment":[{"href":"https:\/\/www.polandservice.com\/es\/wp-json\/wp\/v2\/media?parent=153"}],"curies":[{"name":"wp","href":"https:\/\/api.w.org\/{rel}","templated":true}]}}