{"id":15,"date":"2021-02-03T15:31:16","date_gmt":"2021-02-03T14:31:16","guid":{"rendered":"https:\/\/www.polandservice.com\/de\/?page_id=15"},"modified":"2024-05-15T14:01:45","modified_gmt":"2024-05-15T12:01:45","slug":"angebot","status":"publish","type":"page","link":"https:\/\/www.polandservice.com\/de\/angebot\/","title":{"rendered":"Angebot"},"content":{"rendered":"<p><img loading=\"lazy\" decoding=\"async\" class=\"alignleft wp-image-2054\" src=\"https:\/\/www.polandservice.com\/wp-content\/uploads\/2012\/07\/katalog-main-page-220x300.jpg\" alt=\"\" width=\"150\" height=\"205\" \/>Wir bereiten jede Tour mit Leidenschaft vor und ber\u00fccksichtigen dabei alle Ihre Bed\u00fcrfnisse und Anforderungen: Interesse, Budget, pers\u00f6nliche Ideen. <span class=\"JLqJ4b ChMk0b\" data-language-for-alternatives=\"de\" data-language-to-translate-into=\"en\" data-phrase-index=\"1\">Und wenn Sie hier landen, k\u00fcmmern wir uns um jedes Detail Ihrer Reise.<\/span><\/p>\n<p>&nbsp;<\/p>\n<p>&nbsp;<\/p>\n<p>&nbsp;<\/p>\n<p>Sehen Sie sich die Beispieltouren an und entdecken Sie Osteuropa.<br \/>\n<strong><a href=\"https:\/\/www.wygoda.ski\/uploads\/wysiwig\/files\/Incoming_Wygoda_catalogue.pdf\">Hier k\u00f6nnen Sie unsere Katalog-PDF-Datei (in englischer Sprache) herunterladen.<\/a><\/strong><\/p>\n","protected":false},"excerpt":{"rendered":"<p>Wir bereiten jede Tour mit Leidenschaft vor und ber\u00fccksichtigen dabei alle Ihre Bed\u00fcrfnisse und Anforderungen: Interesse, Budget, pers\u00f6nliche Ideen. Und wenn Sie hier landen, k\u00fcmmern wir uns um jedes Detail Ihrer Reise. &nbsp; &nbsp; &nbsp; Sehen Sie sich die Beispieltouren an und entdecken Sie Osteuropa. Hier k\u00f6nnen Sie unsere Katalog-PDF-Datei (in englischer Sprache) herunterladen.<\/p>\n","protected":false},"author":6,"featured_media":0,"parent":0,"menu_order":0,"comment_status":"closed","ping_status":"closed","template":"","meta":{"footnotes":""},"class_list":["post-15","page","type-page","status-publish","hentry"],"_links":{"self":[{"href":"https:\/\/www.polandservice.com\/de\/wp-json\/wp\/v2\/pages\/15","targetHints":{"allow":["GET"]}}],"collection":[{"href":"https:\/\/www.polandservice.com\/de\/wp-json\/wp\/v2\/pages"}],"about":[{"href":"https:\/\/www.polandservice.com\/de\/wp-json\/wp\/v2\/types\/page"}],"author":[{"embeddable":true,"href":"https:\/\/www.polandservice.com\/de\/wp-json\/wp\/v2\/users\/6"}],"replies":[{"embeddable":true,"href":"https:\/\/www.polandservice.com\/de\/wp-json\/wp\/v2\/comments?post=15"}],"version-history":[{"count":4,"href":"https:\/\/www.polandservice.com\/de\/wp-json\/wp\/v2\/pages\/15\/revisions"}],"predecessor-version":[{"id":76,"href":"https:\/\/www.polandservice.com\/de\/wp-json\/wp\/v2\/pages\/15\/revisions\/76"}],"wp:attachment":[{"href":"https:\/\/www.polandservice.com\/de\/wp-json\/wp\/v2\/media?parent=15"}],"curies":[{"name":"wp","href":"https:\/\/api.w.org\/{rel}","templated":true}]}}