{"id":10,"date":"2021-02-03T15:23:48","date_gmt":"2021-02-03T14:23:48","guid":{"rendered":"https:\/\/www.polandservice.com\/de\/?page_id=10"},"modified":"2021-02-03T15:27:49","modified_gmt":"2021-02-03T14:27:49","slug":"uber-uns","status":"publish","type":"page","link":"https:\/\/www.polandservice.com\/de\/uber-uns\/","title":{"rendered":"Unsere Firma"},"content":{"rendered":"<p>Wygoda Travel ist ein voll lizenzierter Inbound- und Outbound-Reiseveranstalter mit Sitz in Krakau, Polen. <span class=\"JLqJ4b ChMk0b\" data-language-for-alternatives=\"de\" data-language-to-translate-into=\"en\" data-phrase-index=\"1\">Das Unternehmen wurde 2001 gegr\u00fcndet und ist seitdem stetig gewachsen. 2012 erhielten wir den Krakowski Dukat Award in der Kategorie Business f\u00fcr unsere rasante Entwicklung und Innovation im Tourismus. In den Jahren 2010 und 2014 wurden wir mit dem Odys Award f\u00fcr die beste Qualit\u00e4t des in der Region Malopolska angebotenen Reisedienstes ausgezeichnet. Wir sind auch ein empfohlenes Mitglied der Krakauer Tourismuskammer.<\/span><\/p>\n<p><strong>Reiseindustrie<\/strong><\/p>\n<p>Wygoda Travel ist in folgenden Bereichen der Reisebranche t\u00e4tig: Incoming-Tourismus (Gruppendienste und FIT in Polen und Osteuropa), Skiurlaub (Alpen), Sommerurlaub (Mittelmeer), Langstreckenreisen und Charter.<\/p>\n<p><strong>Poland Service<\/strong><\/p>\n<p>Poland Service ist eine Handelsmarke der Firma Wygoda Travel und bietet professionellen und komplexen Service f\u00fcr Gruppen und FITs, die Polen und Osteuropa besuchen. <span class=\"JLqJ4b ChMk0b\" data-language-for-alternatives=\"de\" data-language-to-translate-into=\"en\" data-phrase-index=\"1\">Aufgrund unserer langj\u00e4hrigen Erfahrung in einem Reisemarkt, unserer Kompetenz und unserer zuverl\u00e4ssigen Partner bieten wir professionellen Service, der alle Erwartungen unserer Kunden erf\u00fcllt und stets ihren pers\u00f6nlichen Bed\u00fcrfnissen und Interessen entspricht. Unser Team besteht aus Menschen, die wirklich Spa\u00df an ihrer Arbeit haben und Experten auf ihrem Gebiet sind: Wir sind kreativ, hochqualifiziert und engagiert. Ihre Zufriedenheit ist unser Hauptziel &#8211; wir machen Ihren Urlaub angenehm, entspannend, informativ und sicher und unterst\u00fctzen Sie mit einem pers\u00f6nlichen 24-Stunden-Helpdesk. Wir bem\u00fchen uns, die besten Touren zu arrangieren, die Ihnen ein einzigartiges Urlaubserlebnis bieten.<\/span><\/p>\n<p>&nbsp;<\/p>\n<p><img loading=\"lazy\" decoding=\"async\" class=\"aligncenter size-large wp-image-2007\" src=\"https:\/\/www.polandservice.com\/wp-content\/uploads\/2019\/12\/Certyfikat-WYGODA.PL_-724x1024.jpg\" alt=\"\" width=\"680\" height=\"962\" \/><\/p>\n<p><img loading=\"lazy\" decoding=\"async\" class=\"aligncenter wp-image-2006 size-large\" src=\"https:\/\/www.polandservice.com\/wp-content\/uploads\/2019\/12\/Insurance_Certificate_WYGODA-SIGNAL_IDUNA_2019-20-724x1024.jpg\" alt=\"\" width=\"680\" height=\"962\" \/><\/p>\n","protected":false},"excerpt":{"rendered":"<p>Wygoda Travel ist ein voll lizenzierter Inbound- und Outbound-Reiseveranstalter mit Sitz in Krakau, Polen. Das Unternehmen wurde 2001 gegr\u00fcndet und ist seitdem stetig gewachsen. 2012 erhielten wir den Krakowski Dukat Award in der Kategorie Business f\u00fcr unsere rasante Entwicklung und Innovation im Tourismus. In den Jahren 2010 und 2014 wurden wir mit dem Odys Award [&hellip;]<\/p>\n","protected":false},"author":6,"featured_media":0,"parent":0,"menu_order":0,"comment_status":"closed","ping_status":"closed","template":"","meta":{"footnotes":""},"class_list":["post-10","page","type-page","status-publish","hentry"],"_links":{"self":[{"href":"https:\/\/www.polandservice.com\/de\/wp-json\/wp\/v2\/pages\/10","targetHints":{"allow":["GET"]}}],"collection":[{"href":"https:\/\/www.polandservice.com\/de\/wp-json\/wp\/v2\/pages"}],"about":[{"href":"https:\/\/www.polandservice.com\/de\/wp-json\/wp\/v2\/types\/page"}],"author":[{"embeddable":true,"href":"https:\/\/www.polandservice.com\/de\/wp-json\/wp\/v2\/users\/6"}],"replies":[{"embeddable":true,"href":"https:\/\/www.polandservice.com\/de\/wp-json\/wp\/v2\/comments?post=10"}],"version-history":[{"count":4,"href":"https:\/\/www.polandservice.com\/de\/wp-json\/wp\/v2\/pages\/10\/revisions"}],"predecessor-version":[{"id":14,"href":"https:\/\/www.polandservice.com\/de\/wp-json\/wp\/v2\/pages\/10\/revisions\/14"}],"wp:attachment":[{"href":"https:\/\/www.polandservice.com\/de\/wp-json\/wp\/v2\/media?parent=10"}],"curies":[{"name":"wp","href":"https:\/\/api.w.org\/{rel}","templated":true}]}}